{"id":4911,"date":"2023-01-30T13:18:00","date_gmt":"2023-01-30T13:18:00","guid":{"rendered":"https:\/\/verasur.es\/?page_id=4911"},"modified":"2024-07-01T07:43:37","modified_gmt":"2024-07-01T07:43:37","slug":"about-us-javi","status":"publish","type":"page","link":"https:\/\/verasur.es\/?page_id=4911","title":{"rendered":"Sobre nosotros"},"content":{"rendered":"<section class=\"wpb-content-wrapper\"><p>[vc_row disable_element=\u00bbyes\u00bb css=\u00bb.vc_custom_1675703842794{padding-top: 240px !important;padding-bottom: 272px !important;}\u00bb][vc_column][vc_column_text]<\/p>\n<h1 style=\"text-align: center;\"><span style=\"color: #ffffff;\">About us<\/span><\/h1>\n<p>[\/vc_column_text][vc_empty_space height=\u00bb10px\u00bb][vc_column_text]<\/p>\n<h5 style=\"text-align: center;\"><span style=\"color: #ffffff;\">meet us and start work with us<br \/>\n<\/span><\/h5>\n<p>[\/vc_column_text][\/vc_column][\/vc_row][vc_row row_content_width=\u00bbgrid\u00bb css=\u00bb.vc_custom_1518101055446{padding-top: 162px !important;padding-right: 0px !important;padding-bottom: 164px !important;padding-left: 0px !important;}\u00bb][vc_column css=\u00bb.vc_custom_1517908805816{padding-right: 0px !important;padding-left: 0px !important;}\u00bb][vc_column_text]<\/p>\n<h6 style=\"text-align: center;\">En Verasur somos especialistas en la venta de materiales de construcci\u00f3n, cer\u00e1mica, fontaner\u00eda, grifer\u00eda, sanitarios, mobiliario y accesorios de ba\u00f1o, fregaderos, mamparas de ba\u00f1o, hidromasaje, saunas, jacuzzi, piscinas y minipiscinas, tarimas flotantes y mobiliario urbano.<\/h6>\n<p>[\/vc_column_text][\/vc_column][\/vc_row][vc_row row_content_width=\u00bbgrid\u00bb css=\u00bb.vc_custom_1516716512293{padding-right: 0px !important;padding-left: 0px !important;}\u00bb][vc_column css=\u00bb.vc_custom_1516720657777{padding-right: 0px !important;padding-left: 0px !important;}\u00bb offset=\u00bbvc_col-lg-7 vc_col-md-12 vc_col-xs-12&#8243;]<div class=\"mkd-single-image-holder  mkd-image-behavior-lightbox   \">\n    <div class=\"mkd-si-inner\" >\n                    <a itemprop=\"image\" href=\"https:\/\/verasur.es\/wp-content\/uploads\/2023\/02\/instalaciones-1-2.jpg\" data-rel=\"prettyPhoto[si_pretty_photo]\" title=\"\">\n                                    <img width=\"800\" height=\"500\" src=\"https:\/\/verasur.es\/wp-content\/uploads\/2023\/02\/instalaciones-1-2.jpg\" class=\"attachment-full size-full\" alt=\"\" decoding=\"async\" loading=\"lazy\" srcset=\"https:\/\/verasur.es\/wp-content\/uploads\/2023\/02\/instalaciones-1-2.jpg 800w, https:\/\/verasur.es\/wp-content\/uploads\/2023\/02\/instalaciones-1-2-300x188.jpg 300w, https:\/\/verasur.es\/wp-content\/uploads\/2023\/02\/instalaciones-1-2-768x480.jpg 768w\" sizes=\"(max-width: 800px) 100vw, 800px\" \/>                                <\/a>\n                    <\/div>\n<\/div>[vc_empty_space height=\u00bb30px\u00bb]<div class=\"mkd-single-image-holder  mkd-image-behavior-lightbox   \">\n    <div class=\"mkd-si-inner\" >\n                    <a itemprop=\"image\" href=\"https:\/\/verasur.es\/wp-content\/uploads\/2023\/02\/instalaciones-2-2.jpg\" data-rel=\"prettyPhoto[si_pretty_photo]\" title=\"\">\n                                    <img width=\"800\" height=\"318\" src=\"https:\/\/verasur.es\/wp-content\/uploads\/2023\/02\/instalaciones-2-2.jpg\" class=\"attachment-full size-full\" alt=\"\" decoding=\"async\" loading=\"lazy\" srcset=\"https:\/\/verasur.es\/wp-content\/uploads\/2023\/02\/instalaciones-2-2.jpg 800w, https:\/\/verasur.es\/wp-content\/uploads\/2023\/02\/instalaciones-2-2-300x119.jpg 300w, https:\/\/verasur.es\/wp-content\/uploads\/2023\/02\/instalaciones-2-2-768x305.jpg 768w\" sizes=\"(max-width: 800px) 100vw, 800px\" \/>                                <\/a>\n                    <\/div>\n<\/div>[\/vc_column][vc_column css_animation=\u00bbslideInUp\u00bb css=\u00bb.vc_custom_1517560229916{padding-right: 0px !important;padding-left: 0px !important;}\u00bb offset=\u00bbvc_col-lg-5 vc_col-md-12 vc_col-xs-12&#8243;]<div class=\"mkd-elements-holder   mkd-one-column  mkd-responsive-mode-768 \" ><div class=\"mkd-eh-item  mkd-vertical-alignment-top  \"  data-item-class=\"mkd-eh-custom-5140\" data-1280-1600=\"181px 82px 0 75px\" data-1024-1280=\"151px 39px 0 75px\" data-768-1024=\"181px 57% 0 0\" data-680-768=\"181px 40% 0 0\" data-680=\"181px 5px 0 5px\">\n\t<div class=\"mkd-eh-item-inner\">\n\t\t<div class=\"mkd-eh-item-content mkd-eh-custom-5140\" style=\"padding: 20px 62px 0 75px\">\n\t\t\t<div class=\"mkd-single-image-holder     \">\n    <div class=\"mkd-si-inner\" >\n                                    <img width=\"800\" height=\"195\" src=\"https:\/\/verasur.es\/wp-content\/uploads\/2023\/02\/separador-quienes.png\" class=\"attachment-full size-full\" alt=\"\" decoding=\"async\" loading=\"lazy\" srcset=\"https:\/\/verasur.es\/wp-content\/uploads\/2023\/02\/separador-quienes.png 800w, https:\/\/verasur.es\/wp-content\/uploads\/2023\/02\/separador-quienes-300x73.png 300w, https:\/\/verasur.es\/wp-content\/uploads\/2023\/02\/separador-quienes-768x187.png 768w\" sizes=\"(max-width: 800px) 100vw, 800px\" \/>                                <\/div>\n<\/div><div class=\"mkd-section-title-holder  \" >\n\t<div class=\"mkd-st-inner\">\n\t\t\t\t\t<h3 class=\"mkd-st-title\" >\n\t\t\t\tNuestra historia\t\t\t<\/h3>\n\t\t\t\t\t\t\t<\/div>\n<\/div>[vc_empty_space height=\u00bb9px\u00bb]<div class=\"mkd-section-title-holder  \" style=\"text-align: right\">\n\t<div class=\"mkd-st-inner\">\n\t\t\t\t\t\t\t<div class=\"mkd-separator-holder clearfix  mkd-separator-left \">\t<div class=\"mkd-separator\" style=\"border-color: #f2e9e9;width: 56px\"><\/div><\/div>\t\t\t<h5 class=\"mkd-st-subtitle\" >\n\t\t\t\tCon\u00f3cenos\t\t\t<\/h5>\n\t\t\t\t\t<\/div>\n<\/div>[vc_empty_space height=\u00bb7px\u00bb][vc_column_text]<\/p>\n<p style=\"color: black;\">La empresa Verasur, irrumpi\u00f3 en el mercado de la construcci\u00f3n en el a\u00f1o 1990 como un modesto almac\u00e9n de materiales de construcci\u00f3n.<\/p>\n<p style=\"color: black;\">A lo largo de estos a\u00f1os, se ha ido adaptando a las necesidades del sector, de manera que lo que comenz\u00f3 siendo un servicio de materiales de construcci\u00f3n, \u00fanicamente, ha terminado por ofrecer a sus clientes una amplia gama de art\u00edculos en saneamiento, fontaner\u00eda, grifer\u00eda, cer\u00e1mica, mobiliario urbano y art\u00edculos para el acondicionamiento y decoraci\u00f3n del ba\u00f1o.<\/p>\n<p>[\/vc_column_text]\t\t<\/div>\n\t<\/div>\n<\/div><\/div>[\/vc_column][\/vc_row][vc_row row_content_width=\u00bbgrid\u00bb css=\u00bb.vc_custom_1675704321828{padding-top: 80px !important;padding-right: 0px !important;padding-left: 0px !important;}\u00bb][vc_column css=\u00bb.vc_custom_1675674545000{padding-right: 0px !important;padding-left: 0px !important;}\u00bb offset=\u00bbvc_col-lg-5 vc_col-md-12 vc_col-xs-12&#8243;]<div class=\"mkd-elements-holder   mkd-one-column  mkd-responsive-mode-768 \" ><div class=\"mkd-eh-item  mkd-vertical-alignment-top mkd-horizontal-alignment-right \"  data-item-class=\"mkd-eh-custom-2511\" data-1280-1600=\"181px 82px 0 75px\" data-1024-1280=\"151px 39px 0 75px\" data-768-1024=\"181px 57% 0 0\" data-680-768=\"181px 40% 0 0\" data-680=\"181px 5px 0 5px\">\n\t<div class=\"mkd-eh-item-inner\">\n\t\t<div class=\"mkd-eh-item-content mkd-eh-custom-2511\" style=\"padding: 20px 62px 0 75px\">\n\t\t\t<div class=\"mkd-single-image-holder     \">\n    <div class=\"mkd-si-inner\" >\n                                    <img width=\"800\" height=\"195\" src=\"https:\/\/verasur.es\/wp-content\/uploads\/2023\/02\/separador-quienes.png\" class=\"attachment-full size-full\" alt=\"\" decoding=\"async\" loading=\"lazy\" srcset=\"https:\/\/verasur.es\/wp-content\/uploads\/2023\/02\/separador-quienes.png 800w, https:\/\/verasur.es\/wp-content\/uploads\/2023\/02\/separador-quienes-300x73.png 300w, https:\/\/verasur.es\/wp-content\/uploads\/2023\/02\/separador-quienes-768x187.png 768w\" sizes=\"(max-width: 800px) 100vw, 800px\" \/>                                <\/div>\n<\/div><div class=\"mkd-section-title-holder  \" >\n\t<div class=\"mkd-st-inner\">\n\t\t\t\t\t<h3 class=\"mkd-st-title\" >\n\t\t\t\tNuestras instalaciones\t\t\t<\/h3>\n\t\t\t\t\t\t\t<\/div>\n<\/div>[vc_empty_space height=\u00bb9px\u00bb]<div class=\"mkd-section-title-holder  \" style=\"text-align: right\">\n\t<div class=\"mkd-st-inner\">\n\t\t\t\t\t\t\t<div class=\"mkd-separator-holder clearfix  mkd-separator-left \">\t<div class=\"mkd-separator\" style=\"border-color: #f2e9e9;width: 56px\"><\/div><\/div>\t\t\t<h5 class=\"mkd-st-subtitle\" >\n\t\t\t\t30.000m2 de superficie\t\t\t<\/h5>\n\t\t\t\t\t<\/div>\n<\/div>[vc_empty_space height=\u00bb7px\u00bb][vc_column_text]<\/p>\n<p style=\"color: black;\">Verasur cuenta en la actualidad con nuevas instalaciones para atender las necesidades del sector, en las que ofrecemos a nuestros clientes m\u00e1s de\u00a0<strong>3.400 m2 de exposici\u00f3n<\/strong> ampliamente dedicada al sector cer\u00e1mico, as\u00ed como a todo lo relacionado con el confort en el ba\u00f1o (mobiliario, accesorio, grifer\u00eda, hidromasaje, saunas&#8230;).<\/p>\n<p>[\/vc_column_text]\t\t<\/div>\n\t<\/div>\n<\/div><\/div>[\/vc_column][vc_column offset=\u00bbvc_col-lg-7 vc_col-md-12 vc_col-xs-12&#8243;]<div class=\"mkd-single-image-holder  mkd-image-behavior-lightbox   \">\n    <div class=\"mkd-si-inner\" >\n                    <a itemprop=\"image\" href=\"https:\/\/verasur.es\/wp-content\/uploads\/2023\/10\/historia-1.jpg\" data-rel=\"prettyPhoto[si_pretty_photo]\" title=\"\">\n                                    <img width=\"800\" height=\"501\" src=\"https:\/\/verasur.es\/wp-content\/uploads\/2023\/10\/historia-1.jpg\" class=\"attachment-full size-full\" alt=\"\" decoding=\"async\" loading=\"lazy\" srcset=\"https:\/\/verasur.es\/wp-content\/uploads\/2023\/10\/historia-1.jpg 800w, https:\/\/verasur.es\/wp-content\/uploads\/2023\/10\/historia-1-300x188.jpg 300w, https:\/\/verasur.es\/wp-content\/uploads\/2023\/10\/historia-1-768x481.jpg 768w\" sizes=\"(max-width: 800px) 100vw, 800px\" \/>                                <\/a>\n                    <\/div>\n<\/div>[vc_empty_space height=\u00bb30px\u00bb]<div class=\"mkd-single-image-holder  mkd-image-behavior-lightbox   \">\n    <div class=\"mkd-si-inner\" >\n                    <a itemprop=\"image\" href=\"https:\/\/verasur.es\/wp-content\/uploads\/2023\/10\/historia-2.jpg\" data-rel=\"prettyPhoto[si_pretty_photo]\" title=\"\">\n                                    <img width=\"800\" height=\"317\" src=\"https:\/\/verasur.es\/wp-content\/uploads\/2023\/10\/historia-2.jpg\" class=\"attachment-full size-full\" alt=\"\" decoding=\"async\" loading=\"lazy\" srcset=\"https:\/\/verasur.es\/wp-content\/uploads\/2023\/10\/historia-2.jpg 800w, https:\/\/verasur.es\/wp-content\/uploads\/2023\/10\/historia-2-300x119.jpg 300w, https:\/\/verasur.es\/wp-content\/uploads\/2023\/10\/historia-2-768x304.jpg 768w\" sizes=\"(max-width: 800px) 100vw, 800px\" \/>                                <\/a>\n                    <\/div>\n<\/div>[\/vc_column][\/vc_row][vc_row gap=\u00bb10&#8243; content_placement=\u00bbtop\u00bb row_content_width=\u00bbgrid\u00bb content_text_aligment=\u00bbcenter\u00bb css=\u00bb.vc_custom_1698087582053{padding-top: 162px !important;padding-right: 0px !important;padding-bottom: 164px !important;padding-left: 0px !important;}\u00bb][vc_column css=\u00bb.vc_custom_1517908805816{padding-right: 0px !important;padding-left: 0px !important;}\u00bb][vc_gallery type=\u00bbflexslider_slide\u00bb interval=\u00bb3&#8243; images=\u00bb5267,5264,5265,5266,5268,5947,6367,6368,6370&#8243; img_size=\u00bblarge\u00bb onclick=\u00bb\u00bb][\/vc_column][\/vc_row][vc_row disable_element=\u00bbyes\u00bb row_content_width=\u00bbgrid\u00bb content_text_aligment=\u00bbcenter\u00bb css=\u00bb.vc_custom_1676621447973{padding-top: 100px !important;padding-bottom: 127px !important;}\u00bb][vc_column width=\u00bb1\/2&#8243; css=\u00bb.vc_custom_1515582946753{padding-right: 0px !important;padding-left: 0px !important;}\u00bb offset=\u00bbvc_col-lg-3 vc_col-md-6 vc_col-xs-12&#8243;]<div class=\"mkd-elements-holder   mkd-one-column  mkd-responsive-mode-768 \" ><div class=\"mkd-eh-item    \"  data-item-class=\"mkd-eh-custom-3656\" data-1280-1600=\"0 33% 0 0\" data-1024-1280=\"0 33% 0 0\" data-768-1024=\"0px\" data-680-768=\"0px\" data-680=\"0px\">\n\t<div class=\"mkd-eh-item-inner\">\n\t\t<div class=\"mkd-eh-item-content mkd-eh-custom-3656\" style=\"padding: 0 33% 0 0\">\n\t\t\t<div class=\"mkd-counter-holder \">\n\t<div class=\"mkd-counter-inner\">\n\t\t\t\t\t<span class=\"mkd-counter mkd-random-counter\" style=\"font-size: 47px;color: #414347\">591<\/span>\n\t\t\t\t\t\t\t<h6 class=\"mkd-counter-title\" style=\"color: #414347\">\n\t\t\t\tFinished Projects\t\t\t<\/h6>\n\t\t\t\t\t<\/div>\n<\/div>\t\t<\/div>\n\t<\/div>\n<\/div><\/div>[vc_empty_space height=\u00bb40px\u00bb][\/vc_column][vc_column width=\u00bb1\/2&#8243; css=\u00bb.vc_custom_1515582958515{padding-right: 0px !important;padding-left: 0px !important;}\u00bb offset=\u00bbvc_col-lg-3 vc_col-md-6 vc_col-xs-12&#8243;]<div class=\"mkd-elements-holder   mkd-one-column  mkd-responsive-mode-768 \" ><div class=\"mkd-eh-item    \"  data-item-class=\"mkd-eh-custom-9919\" data-1280-1600=\"0 10% 0 0\" data-1024-1280=\"0 8% 0 0\" data-768-1024=\"0px\" data-680-768=\"0px\" data-680=\"0px\">\n\t<div class=\"mkd-eh-item-inner\">\n\t\t<div class=\"mkd-eh-item-content mkd-eh-custom-9919\" style=\"padding: 0 10% 0 0\">\n\t\t\t<div class=\"mkd-counter-holder \">\n\t<div class=\"mkd-counter-inner\">\n\t\t\t\t\t<span class=\"mkd-counter mkd-random-counter\" style=\"color: #414347\">778<\/span>\n\t\t\t\t\t\t\t<h6 class=\"mkd-counter-title\" style=\"color: #414347\">\n\t\t\t\tNew Designs\t\t\t<\/h6>\n\t\t\t\t\t<\/div>\n<\/div>\t\t<\/div>\n\t<\/div>\n<\/div><\/div>[vc_empty_space height=\u00bb40px\u00bb][\/vc_column][vc_column width=\u00bb1\/2&#8243; css=\u00bb.vc_custom_1515582971194{padding-right: 0px !important;padding-left: 0px !important;}\u00bb offset=\u00bbvc_col-lg-3 vc_col-md-6 vc_col-xs-12&#8243;]<div class=\"mkd-elements-holder   mkd-one-column  mkd-responsive-mode-768 \" ><div class=\"mkd-eh-item    \"  data-item-class=\"mkd-eh-custom-8066\" data-1280-1600=\"0 0 0 20%\" data-1024-1280=\"0 0 0 20%\" data-768-1024=\"0px\" data-680-768=\"0px\" data-680=\"0px\">\n\t<div class=\"mkd-eh-item-inner\">\n\t\t<div class=\"mkd-eh-item-content mkd-eh-custom-8066\" style=\"padding: 0 0 0 20%\">\n\t\t\t<div class=\"mkd-counter-holder \">\n\t<div class=\"mkd-counter-inner\">\n\t\t\t\t\t<span class=\"mkd-counter mkd-random-counter\" style=\"color: #414347\">101<\/span>\n\t\t\t\t\t\t\t<h6 class=\"mkd-counter-title\" style=\"color: #414347\">\n\t\t\t\tDifferent materials\t\t\t<\/h6>\n\t\t\t\t\t<\/div>\n<\/div>\t\t<\/div>\n\t<\/div>\n<\/div><\/div>[vc_empty_space height=\u00bb40px\u00bb][\/vc_column][vc_column width=\u00bb1\/2&#8243; css=\u00bb.vc_custom_1515582984116{padding-right: 0px !important;padding-left: 0px !important;}\u00bb offset=\u00bbvc_col-lg-3 vc_col-md-6 vc_col-xs-12&#8243;]<div class=\"mkd-elements-holder   mkd-one-column  mkd-responsive-mode-768 \" ><div class=\"mkd-eh-item    \"  data-item-class=\"mkd-eh-custom-4200\" data-1280-1600=\"0 0 0 43%\" data-1024-1280=\"0 0 0 43%\" data-768-1024=\"0px\" data-680-768=\"0px\" data-680=\"0px\">\n\t<div class=\"mkd-eh-item-inner\">\n\t\t<div class=\"mkd-eh-item-content mkd-eh-custom-4200\" style=\"padding: 0 0 0 43%\">\n\t\t\t<div class=\"mkd-counter-holder \">\n\t<div class=\"mkd-counter-inner\">\n\t\t\t\t\t<span class=\"mkd-counter mkd-random-counter\" style=\"color: #414347\">725<\/span>\n\t\t\t\t\t\t\t<h6 class=\"mkd-counter-title\" style=\"color: #414347\">\n\t\t\t\tHappy Clients\t\t\t<\/h6>\n\t\t\t\t\t<\/div>\n<\/div>\t\t<\/div>\n\t<\/div>\n<\/div><\/div>[vc_empty_space height=\u00bb40px\u00bb][\/vc_column][\/vc_row][vc_row content_placement=\u00bbmiddle\u00bb disable_element=\u00bbyes\u00bb row_content_width=\u00bbgrid\u00bb content_text_aligment=\u00bbleft\u00bb parallax_background_image=\u00bb2059&#8243; parallax_bg_height=\u00bb485&#8243;][vc_column css=\u00bb.vc_custom_1516718150958{padding-top: 50px !important;}\u00bb]<div class=\"mkd-elements-holder   mkd-one-column  mkd-responsive-mode-768 \" ><div class=\"mkd-eh-item    \"  data-item-class=\"mkd-eh-custom-6236\" data-1280-1600=\"151px 0 0 0\" data-1024-1280=\"151px 0 0 0\" data-768-1024=\"153px 0 164px 0\" data-680-768=\"154px 0 164px 0\" data-680=\"150px 0\">\n\t<div class=\"mkd-eh-item-inner\">\n\t\t<div class=\"mkd-eh-item-content mkd-eh-custom-6236\" style=\"padding: 151px 0 0 0\">\n\t\t\t<div class=\"mkd-section-title-holder  \" >\n\t<div class=\"mkd-st-inner\">\n\t\t\t\t\t<h1 class=\"mkd-st-title\" style=\"color: #ffffff\">\n\t\t\t\tProjects\t\t\t<\/h1>\n\t\t\t\t\t\t\t<\/div>\n<\/div><a itemprop=\"url\" href=\"#\" target=\"_self\" style=\"color: #ffffff;background-image: linear-gradient(to right,#414347 50%,#ffffff 50%),linear-gradient(to right,#ffffff 50%,transparent 50%);border-color: #ffffff;font-size: 18px;font-weight: 400;margin: 0\" class=\"mkd-btn mkd-btn-medium mkd-btn-outline mkd-btn-custom-border-hover mkd-btn-custom-hover-color\" data-hover-color=\"#414347\" data-hover-border-color=\"#ffffff\" >\n    <span class=\"mkd-btn-text\">see more<\/span>\n        <\/a>\t\t<\/div>\n\t<\/div>\n<\/div><\/div>[\/vc_column][\/vc_row][vc_row gap=\u00bb35&#8243; content_placement=\u00bbmiddle\u00bb row_content_width=\u00bbgrid\u00bb disable_background_image=\u00bb\u00bb css=\u00bb.vc_custom_1696841536437{padding-top: 120px !important;padding-bottom: 125px !important;}\u00bb parallax_background_image=\u00bb5558&#8243; simple_background_image=\u00bb5558&#8243;][vc_column css=\u00bb.vc_custom_1696841581937{padding-top: 120px !important;padding-bottom: 125px !important;}\u00bb]<div class=\"mkd-call-to-action-holder  mkd-normal-layout  mkd-three-quarters-columns\">\n\t<div class=\"mkd-cta-inner \">\n\t\t<div class=\"mkd-cta-text-holder\">\n\t\t\t<div class=\"mkd-cta-text\">\n<h3><span style=\"color: #ffffff;\">\u00bfPodemos ayudarle?<\/span><\/h3>\n<h5><span style=\"color: #ffffff;\">Ll\u00e1menos o escr\u00edbanos a<br \/>\n<a href=\"mailto:comercial@verasur.es\">comercial@verasur.es<\/a><\/span><\/h5>\n<h6><span style=\"color: #ffffff;\">Nuestro personal estar\u00e1 encantado de atenderle y de resolver cualquier duda.<\/span><\/h6>\n<\/div>\n\t\t<\/div>\n\t\t<div class=\"mkd-cta-button-holder\" >\n\t\t\t<div class=\"mkd-cta-button\"><a itemprop=\"url\" href=\"tel:950393028\" target=\"_self\"  class=\"mkd-btn mkd-btn-large mkd-btn-solid mkd-btn-custom-hover-bg mkd-btn-custom-border-hover\" data-hover-bg-color=\"#dd3333\" data-hover-border-color=\"#dd3333\" >    <span class=\"mkd-btn-text\">950 393 028<\/span>        <\/a><\/div>\n\t\t<\/div>\n\t<\/div>\n<\/div>[\/vc_column][\/vc_row][vc_row][vc_column][vc_empty_space height=\u00bb10px\u00bb][\/vc_column][\/vc_row]<\/p>\n<\/section>","protected":false},"excerpt":{"rendered":"<p>[vc_row disable_element=\u00bbyes\u00bb css=\u00bb.vc_custom_1675703842794{padding-top: 240px !important;padding-bottom: 272px !important;}\u00bb][vc_column][vc_column_text] About us [\/vc_column_text][vc_empty_space height=\u00bb10px\u00bb][vc_column_text] meet us and start work with us [\/vc_column_text][\/vc_column][\/vc_row][vc_row row_content_width=\u00bbgrid\u00bb css=\u00bb.vc_custom_1518101055446{padding-top: 162px !important;padding-right: 0px !important;padding-bottom: 164px !important;padding-left: 0px !important;}\u00bb][vc_column css=\u00bb.vc_custom_1517908805816{padding-right: 0px !important;padding-left: 0px !important;}\u00bb][vc_column_text] En Verasur somos especialistas en la [&hellip;]<\/p>\n","protected":false},"author":2,"featured_media":0,"parent":0,"menu_order":0,"comment_status":"closed","ping_status":"closed","template":"full-width.php","meta":{"_themeisle_gutenberg_block_has_review":false},"_links":{"self":[{"href":"https:\/\/verasur.es\/index.php?rest_route=\/wp\/v2\/pages\/4911"}],"collection":[{"href":"https:\/\/verasur.es\/index.php?rest_route=\/wp\/v2\/pages"}],"about":[{"href":"https:\/\/verasur.es\/index.php?rest_route=\/wp\/v2\/types\/page"}],"author":[{"embeddable":true,"href":"https:\/\/verasur.es\/index.php?rest_route=\/wp\/v2\/users\/2"}],"replies":[{"embeddable":true,"href":"https:\/\/verasur.es\/index.php?rest_route=%2Fwp%2Fv2%2Fcomments&post=4911"}],"version-history":[{"count":74,"href":"https:\/\/verasur.es\/index.php?rest_route=\/wp\/v2\/pages\/4911\/revisions"}],"predecessor-version":[{"id":6371,"href":"https:\/\/verasur.es\/index.php?rest_route=\/wp\/v2\/pages\/4911\/revisions\/6371"}],"wp:attachment":[{"href":"https:\/\/verasur.es\/index.php?rest_route=%2Fwp%2Fv2%2Fmedia&parent=4911"}],"curies":[{"name":"wp","href":"https:\/\/api.w.org\/{rel}","templated":true}]}}