{"id":6053,"date":"2023-10-08T17:14:16","date_gmt":"2023-10-08T17:14:16","guid":{"rendered":"https:\/\/verasur.es\/?page_id=6053"},"modified":"2024-01-18T10:20:08","modified_gmt":"2024-01-18T10:20:08","slug":"verasur-cocinas","status":"publish","type":"page","link":"https:\/\/verasur.es\/?page_id=6053","title":{"rendered":"Verasur Cocinas"},"content":{"rendered":"<section class=\"wpb-content-wrapper\"><p>[vc_row disable_element=\u00bbyes\u00bb css=\u00bb.vc_custom_1675703842794{padding-top: 240px !important;padding-bottom: 272px !important;}\u00bb][vc_column][vc_column_text]<\/p>\n<h1 style=\"text-align: center;\"><span style=\"color: #ffffff;\">About us<\/span><\/h1>\n<p>[\/vc_column_text][vc_empty_space height=\u00bb10px\u00bb][vc_column_text]<\/p>\n<h5 style=\"text-align: center;\"><span style=\"color: #ffffff;\">meet us and start work with us<br \/>\n<\/span><\/h5>\n<p>[\/vc_column_text][\/vc_column][\/vc_row][vc_row row_content_width=\u00bbgrid\u00bb css=\u00bb.vc_custom_1518101055446{padding-top: 162px !important;padding-right: 0px !important;padding-bottom: 164px !important;padding-left: 0px !important;}\u00bb][vc_column css=\u00bb.vc_custom_1517908805816{padding-right: 0px !important;padding-left: 0px !important;}\u00bb][vc_column_text]<\/p>\n<h1 style=\"text-align: center;\">Tu cocina perfecta<\/h1>\n<h4 style=\"text-align: center;\">\u00bfQuieres una cocina completa, totalmente equipada y a la medida de tus necesidades?<\/h4>\n<h6 style=\"text-align: center;\">En Verasur disponemos de una gran variedad de materiales y equipamiento de primera calidad para que pueda dise\u00f1ar su cocina ideal. Le ofrecemos las mejores l\u00edneas de dise\u00f1o y las \u00faltimas tendencias, con servicio personalizado. Visite nuestra exposici\u00f3n y d\u00e9jese asesorar por nuestro personal especializado.<\/h6>\n<p>[\/vc_column_text][\/vc_column][\/vc_row][vc_row equal_height=\u00bbyes\u00bb row_content_width=\u00bbgrid\u00bb css=\u00bb.vc_custom_1696833650934{padding-bottom: 20px !important;}\u00bb][vc_column width=\u00bb1\/3&#8243; css=\u00bb.vc_custom_1696800200793{padding-top: 0px !important;padding-right: 0px !important;padding-bottom: 0px !important;padding-left: 0px !important;}\u00bb]<div class=\"mkd-elements-holder   mkd-one-column  mkd-responsive-mode-768 \" ><div class=\"mkd-eh-item    \"  data-item-class=\"mkd-eh-custom-5413\">\n\t<div class=\"mkd-eh-item-inner\">\n\t\t<div class=\"mkd-eh-item-content mkd-eh-custom-5413\" style=\"padding: 0 18px 0 20px\">\n\t\t\t<div class=\"mkd-single-image-holder  mkd-image-behavior-lightbox   \">\n    <div class=\"mkd-si-inner\" >\n                    <a itemprop=\"image\" href=\"https:\/\/verasur.es\/wp-content\/uploads\/2023\/10\/cocina_0004_IMG_3476.jpg\" data-rel=\"prettyPhoto[si_pretty_photo]\" title=\"\">\n                                    <img width=\"600\" height=\"902\" src=\"https:\/\/verasur.es\/wp-content\/uploads\/2023\/10\/cocina_0004_IMG_3476.jpg\" class=\"attachment-full size-full\" alt=\"\" decoding=\"async\" loading=\"lazy\" srcset=\"https:\/\/verasur.es\/wp-content\/uploads\/2023\/10\/cocina_0004_IMG_3476.jpg 600w, https:\/\/verasur.es\/wp-content\/uploads\/2023\/10\/cocina_0004_IMG_3476-200x300.jpg 200w\" sizes=\"(max-width: 600px) 100vw, 600px\" \/>                                <\/a>\n                    <\/div>\n<\/div>\t\t<\/div>\n\t<\/div>\n<\/div><\/div>[\/vc_column][vc_column width=\u00bb2\/3&#8243; css=\u00bb.vc_custom_1696800295792{padding-top: 0px !important;padding-right: 0px !important;padding-bottom: 0px !important;padding-left: 0px !important;}\u00bb]<div class=\"mkd-single-image-holder  mkd-image-behavior-lightbox   \">\n    <div class=\"mkd-si-inner\" >\n                    <a itemprop=\"image\" href=\"https:\/\/verasur.es\/wp-content\/uploads\/2023\/10\/cocina_0003_cocinas_0000_IMG_3471.jpg\" data-rel=\"prettyPhoto[si_pretty_photo]\" title=\"\">\n                                    <img width=\"1326\" height=\"902\" src=\"https:\/\/verasur.es\/wp-content\/uploads\/2023\/10\/cocina_0003_cocinas_0000_IMG_3471.jpg\" class=\"attachment-full size-full\" alt=\"\" decoding=\"async\" loading=\"lazy\" srcset=\"https:\/\/verasur.es\/wp-content\/uploads\/2023\/10\/cocina_0003_cocinas_0000_IMG_3471.jpg 1326w, https:\/\/verasur.es\/wp-content\/uploads\/2023\/10\/cocina_0003_cocinas_0000_IMG_3471-300x204.jpg 300w, https:\/\/verasur.es\/wp-content\/uploads\/2023\/10\/cocina_0003_cocinas_0000_IMG_3471-1024x697.jpg 1024w, https:\/\/verasur.es\/wp-content\/uploads\/2023\/10\/cocina_0003_cocinas_0000_IMG_3471-768x522.jpg 768w\" sizes=\"(max-width: 1326px) 100vw, 1326px\" \/>                                <\/a>\n                    <\/div>\n<\/div>[\/vc_column][\/vc_row][vc_row equal_height=\u00bbyes\u00bb row_content_width=\u00bbgrid\u00bb css=\u00bb.vc_custom_1696833752202{padding-bottom: 20px !important;}\u00bb][vc_column width=\u00bb2\/3&#8243; css=\u00bb.vc_custom_1696800200793{padding-top: 0px !important;padding-right: 0px !important;padding-bottom: 0px !important;padding-left: 0px !important;}\u00bb]<div class=\"mkd-single-image-holder  mkd-image-behavior-lightbox   \">\n    <div class=\"mkd-si-inner\" >\n                    <a itemprop=\"image\" href=\"https:\/\/verasur.es\/wp-content\/uploads\/2023\/10\/cocinas_0003_IMG_3479.jpg\" data-rel=\"prettyPhoto[si_pretty_photo]\" title=\"\">\n                                    <img width=\"1200\" height=\"800\" src=\"https:\/\/verasur.es\/wp-content\/uploads\/2023\/10\/cocinas_0003_IMG_3479.jpg\" class=\"attachment-full size-full\" alt=\"\" decoding=\"async\" loading=\"lazy\" srcset=\"https:\/\/verasur.es\/wp-content\/uploads\/2023\/10\/cocinas_0003_IMG_3479.jpg 1200w, https:\/\/verasur.es\/wp-content\/uploads\/2023\/10\/cocinas_0003_IMG_3479-300x200.jpg 300w, https:\/\/verasur.es\/wp-content\/uploads\/2023\/10\/cocinas_0003_IMG_3479-1024x683.jpg 1024w, https:\/\/verasur.es\/wp-content\/uploads\/2023\/10\/cocinas_0003_IMG_3479-768x512.jpg 768w\" sizes=\"(max-width: 1200px) 100vw, 1200px\" \/>                                <\/a>\n                    <\/div>\n<\/div>[\/vc_column][vc_column width=\u00bb1\/3&#8243; css=\u00bb.vc_custom_1696800295792{padding-top: 0px !important;padding-right: 0px !important;padding-bottom: 0px !important;padding-left: 0px !important;}\u00bb]<div class=\"mkd-elements-holder   mkd-one-column  mkd-responsive-mode-768 \" ><div class=\"mkd-eh-item    \"  data-item-class=\"mkd-eh-custom-6177\">\n\t<div class=\"mkd-eh-item-inner\">\n\t\t<div class=\"mkd-eh-item-content mkd-eh-custom-6177\" style=\"padding: 0 18px 0 20px\">\n\t\t\t<div class=\"mkd-single-image-holder  mkd-image-behavior-lightbox   \">\n    <div class=\"mkd-si-inner\" >\n                    <a itemprop=\"image\" href=\"https:\/\/verasur.es\/wp-content\/uploads\/2024\/01\/cocina_0002_IMG_3473.jpg\" data-rel=\"prettyPhoto[si_pretty_photo]\" title=\"\">\n                                    <img width=\"600\" height=\"902\" src=\"https:\/\/verasur.es\/wp-content\/uploads\/2024\/01\/cocina_0002_IMG_3473.jpg\" class=\"attachment-full size-full\" alt=\"\" decoding=\"async\" loading=\"lazy\" srcset=\"https:\/\/verasur.es\/wp-content\/uploads\/2024\/01\/cocina_0002_IMG_3473.jpg 600w, https:\/\/verasur.es\/wp-content\/uploads\/2024\/01\/cocina_0002_IMG_3473-200x300.jpg 200w\" sizes=\"(max-width: 600px) 100vw, 600px\" \/>                                <\/a>\n                    <\/div>\n<\/div>\t\t<\/div>\n\t<\/div>\n<\/div><\/div>[\/vc_column][\/vc_row][vc_row equal_height=\u00bbyes\u00bb row_content_width=\u00bbgrid\u00bb css=\u00bb.vc_custom_1696800527417{padding-bottom: 173px !important;}\u00bb][vc_column width=\u00bb1\/3&#8243; css=\u00bb.vc_custom_1696800200793{padding-top: 0px !important;padding-right: 0px !important;padding-bottom: 0px !important;padding-left: 0px !important;}\u00bb]<div class=\"mkd-elements-holder   mkd-one-column  mkd-responsive-mode-768 \" ><div class=\"mkd-eh-item    \"  data-item-class=\"mkd-eh-custom-2844\">\n\t<div class=\"mkd-eh-item-inner\">\n\t\t<div class=\"mkd-eh-item-content mkd-eh-custom-2844\" style=\"padding: 0 18px 0 20px\">\n\t\t\t<div class=\"mkd-single-image-holder  mkd-image-behavior-lightbox   \">\n    <div class=\"mkd-si-inner\" >\n                    <a itemprop=\"image\" href=\"https:\/\/verasur.es\/wp-content\/uploads\/2023\/10\/cocina_0001_IMG_3478.jpg\" data-rel=\"prettyPhoto[si_pretty_photo]\" title=\"\">\n                                    <img width=\"600\" height=\"902\" src=\"https:\/\/verasur.es\/wp-content\/uploads\/2023\/10\/cocina_0001_IMG_3478.jpg\" class=\"attachment-full size-full\" alt=\"\" decoding=\"async\" loading=\"lazy\" srcset=\"https:\/\/verasur.es\/wp-content\/uploads\/2023\/10\/cocina_0001_IMG_3478.jpg 600w, https:\/\/verasur.es\/wp-content\/uploads\/2023\/10\/cocina_0001_IMG_3478-200x300.jpg 200w\" sizes=\"(max-width: 600px) 100vw, 600px\" \/>                                <\/a>\n                    <\/div>\n<\/div>\t\t<\/div>\n\t<\/div>\n<\/div><\/div>[\/vc_column][vc_column width=\u00bb2\/3&#8243; css=\u00bb.vc_custom_1696800295792{padding-top: 0px !important;padding-right: 0px !important;padding-bottom: 0px !important;padding-left: 0px !important;}\u00bb]<div class=\"mkd-single-image-holder  mkd-image-behavior-lightbox   \">\n    <div class=\"mkd-si-inner\" >\n                    <a itemprop=\"image\" href=\"https:\/\/verasur.es\/wp-content\/uploads\/2023\/10\/cocina_0000_IMG_3470.jpg\" data-rel=\"prettyPhoto[si_pretty_photo]\" title=\"\">\n                                    <img width=\"1326\" height=\"902\" src=\"https:\/\/verasur.es\/wp-content\/uploads\/2023\/10\/cocina_0000_IMG_3470.jpg\" class=\"attachment-full size-full\" alt=\"\" decoding=\"async\" loading=\"lazy\" srcset=\"https:\/\/verasur.es\/wp-content\/uploads\/2023\/10\/cocina_0000_IMG_3470.jpg 1326w, https:\/\/verasur.es\/wp-content\/uploads\/2023\/10\/cocina_0000_IMG_3470-300x204.jpg 300w, https:\/\/verasur.es\/wp-content\/uploads\/2023\/10\/cocina_0000_IMG_3470-1024x697.jpg 1024w, https:\/\/verasur.es\/wp-content\/uploads\/2023\/10\/cocina_0000_IMG_3470-768x522.jpg 768w\" sizes=\"(max-width: 1326px) 100vw, 1326px\" \/>                                <\/a>\n                    <\/div>\n<\/div>[\/vc_column][\/vc_row][vc_row disable_element=\u00bbyes\u00bb row_content_width=\u00bbgrid\u00bb content_text_aligment=\u00bbcenter\u00bb css=\u00bb.vc_custom_1676621447973{padding-top: 100px !important;padding-bottom: 127px !important;}\u00bb][vc_column width=\u00bb1\/2&#8243; css=\u00bb.vc_custom_1515582946753{padding-right: 0px !important;padding-left: 0px !important;}\u00bb offset=\u00bbvc_col-lg-3 vc_col-md-6 vc_col-xs-12&#8243;]<div class=\"mkd-elements-holder   mkd-one-column  mkd-responsive-mode-768 \" ><div class=\"mkd-eh-item    \"  data-item-class=\"mkd-eh-custom-8228\" data-1280-1600=\"0 33% 0 0\" data-1024-1280=\"0 33% 0 0\" data-768-1024=\"0px\" data-680-768=\"0px\" data-680=\"0px\">\n\t<div class=\"mkd-eh-item-inner\">\n\t\t<div class=\"mkd-eh-item-content mkd-eh-custom-8228\" style=\"padding: 0 33% 0 0\">\n\t\t\t<div class=\"mkd-counter-holder \">\n\t<div class=\"mkd-counter-inner\">\n\t\t\t\t\t<span class=\"mkd-counter mkd-random-counter\" style=\"font-size: 47px;color: #414347\">591<\/span>\n\t\t\t\t\t\t\t<h6 class=\"mkd-counter-title\" style=\"color: #414347\">\n\t\t\t\tFinished Projects\t\t\t<\/h6>\n\t\t\t\t\t<\/div>\n<\/div>\t\t<\/div>\n\t<\/div>\n<\/div><\/div>[vc_empty_space height=\u00bb40px\u00bb][\/vc_column][vc_column width=\u00bb1\/2&#8243; css=\u00bb.vc_custom_1515582958515{padding-right: 0px !important;padding-left: 0px !important;}\u00bb offset=\u00bbvc_col-lg-3 vc_col-md-6 vc_col-xs-12&#8243;]<div class=\"mkd-elements-holder   mkd-one-column  mkd-responsive-mode-768 \" ><div class=\"mkd-eh-item    \"  data-item-class=\"mkd-eh-custom-4829\" data-1280-1600=\"0 10% 0 0\" data-1024-1280=\"0 8% 0 0\" data-768-1024=\"0px\" data-680-768=\"0px\" data-680=\"0px\">\n\t<div class=\"mkd-eh-item-inner\">\n\t\t<div class=\"mkd-eh-item-content mkd-eh-custom-4829\" style=\"padding: 0 10% 0 0\">\n\t\t\t<div class=\"mkd-counter-holder \">\n\t<div class=\"mkd-counter-inner\">\n\t\t\t\t\t<span class=\"mkd-counter mkd-random-counter\" style=\"color: #414347\">778<\/span>\n\t\t\t\t\t\t\t<h6 class=\"mkd-counter-title\" style=\"color: #414347\">\n\t\t\t\tNew Designs\t\t\t<\/h6>\n\t\t\t\t\t<\/div>\n<\/div>\t\t<\/div>\n\t<\/div>\n<\/div><\/div>[vc_empty_space height=\u00bb40px\u00bb][\/vc_column][vc_column width=\u00bb1\/2&#8243; css=\u00bb.vc_custom_1515582971194{padding-right: 0px !important;padding-left: 0px !important;}\u00bb offset=\u00bbvc_col-lg-3 vc_col-md-6 vc_col-xs-12&#8243;]<div class=\"mkd-elements-holder   mkd-one-column  mkd-responsive-mode-768 \" ><div class=\"mkd-eh-item    \"  data-item-class=\"mkd-eh-custom-5332\" data-1280-1600=\"0 0 0 20%\" data-1024-1280=\"0 0 0 20%\" data-768-1024=\"0px\" data-680-768=\"0px\" data-680=\"0px\">\n\t<div class=\"mkd-eh-item-inner\">\n\t\t<div class=\"mkd-eh-item-content mkd-eh-custom-5332\" style=\"padding: 0 0 0 20%\">\n\t\t\t<div class=\"mkd-counter-holder \">\n\t<div class=\"mkd-counter-inner\">\n\t\t\t\t\t<span class=\"mkd-counter mkd-random-counter\" style=\"color: #414347\">101<\/span>\n\t\t\t\t\t\t\t<h6 class=\"mkd-counter-title\" style=\"color: #414347\">\n\t\t\t\tDifferent materials\t\t\t<\/h6>\n\t\t\t\t\t<\/div>\n<\/div>\t\t<\/div>\n\t<\/div>\n<\/div><\/div>[vc_empty_space height=\u00bb40px\u00bb][\/vc_column][vc_column width=\u00bb1\/2&#8243; css=\u00bb.vc_custom_1515582984116{padding-right: 0px !important;padding-left: 0px !important;}\u00bb offset=\u00bbvc_col-lg-3 vc_col-md-6 vc_col-xs-12&#8243;]<div class=\"mkd-elements-holder   mkd-one-column  mkd-responsive-mode-768 \" ><div class=\"mkd-eh-item    \"  data-item-class=\"mkd-eh-custom-7326\" data-1280-1600=\"0 0 0 43%\" data-1024-1280=\"0 0 0 43%\" data-768-1024=\"0px\" data-680-768=\"0px\" data-680=\"0px\">\n\t<div class=\"mkd-eh-item-inner\">\n\t\t<div class=\"mkd-eh-item-content mkd-eh-custom-7326\" style=\"padding: 0 0 0 43%\">\n\t\t\t<div class=\"mkd-counter-holder \">\n\t<div class=\"mkd-counter-inner\">\n\t\t\t\t\t<span class=\"mkd-counter mkd-random-counter\" style=\"color: #414347\">725<\/span>\n\t\t\t\t\t\t\t<h6 class=\"mkd-counter-title\" style=\"color: #414347\">\n\t\t\t\tHappy Clients\t\t\t<\/h6>\n\t\t\t\t\t<\/div>\n<\/div>\t\t<\/div>\n\t<\/div>\n<\/div><\/div>[vc_empty_space height=\u00bb40px\u00bb][\/vc_column][\/vc_row][vc_row content_placement=\u00bbmiddle\u00bb disable_element=\u00bbyes\u00bb row_content_width=\u00bbgrid\u00bb content_text_aligment=\u00bbleft\u00bb parallax_background_image=\u00bb2059&#8243; parallax_bg_height=\u00bb485&#8243;][vc_column css=\u00bb.vc_custom_1516718150958{padding-top: 50px !important;}\u00bb]<div class=\"mkd-elements-holder   mkd-one-column  mkd-responsive-mode-768 \" ><div class=\"mkd-eh-item    \"  data-item-class=\"mkd-eh-custom-3209\" data-1280-1600=\"151px 0 0 0\" data-1024-1280=\"151px 0 0 0\" data-768-1024=\"153px 0 164px 0\" data-680-768=\"154px 0 164px 0\" data-680=\"150px 0\">\n\t<div class=\"mkd-eh-item-inner\">\n\t\t<div class=\"mkd-eh-item-content mkd-eh-custom-3209\" style=\"padding: 151px 0 0 0\">\n\t\t\t<div class=\"mkd-section-title-holder  \" >\n\t<div class=\"mkd-st-inner\">\n\t\t\t\t\t<h1 class=\"mkd-st-title\" style=\"color: #ffffff\">\n\t\t\t\tProjects\t\t\t<\/h1>\n\t\t\t\t\t\t\t<\/div>\n<\/div><a itemprop=\"url\" href=\"#\" target=\"_self\" style=\"color: #ffffff;background-image: linear-gradient(to right,#414347 50%,#ffffff 50%),linear-gradient(to right,#ffffff 50%,transparent 50%);border-color: #ffffff;font-size: 18px;font-weight: 400;margin: 0\" class=\"mkd-btn mkd-btn-medium mkd-btn-outline mkd-btn-custom-border-hover mkd-btn-custom-hover-color\" data-hover-color=\"#414347\" data-hover-border-color=\"#ffffff\" >\n    <span class=\"mkd-btn-text\">see more<\/span>\n        <\/a>\t\t<\/div>\n\t<\/div>\n<\/div><\/div>[\/vc_column][\/vc_row][vc_row gap=\u00bb35&#8243; content_placement=\u00bbmiddle\u00bb row_content_width=\u00bbgrid\u00bb css=\u00bb.vc_custom_1676568542074{padding-top: 120px !important;padding-bottom: 125px !important;}\u00bb parallax_background_image=\u00bb5558&#8243;][vc_column css=\u00bb.vc_custom_1696784968800{padding-top: 100px !important;padding-bottom: 105px !important;}\u00bb]<div class=\"mkd-call-to-action-holder  mkd-normal-layout  mkd-three-quarters-columns\">\n\t<div class=\"mkd-cta-inner \">\n\t\t<div class=\"mkd-cta-text-holder\">\n\t\t\t<div class=\"mkd-cta-text\">\n<h3><span style=\"color: #ffffff;\">\u00bfPodemos ayudarle?<\/span><\/h3>\n<h5><span style=\"color: #ffffff;\">Ll\u00e1menos o escr\u00edbanos a<br \/>\n<a href=\"mailto:comercial@verasur.es\">comercial@verasur.es<\/a><\/span><\/h5>\n<h6><span style=\"color: #ffffff;\">Nuestro personal estar\u00e1 encantado de atenderle y de resolver cualquier duda.<\/span><\/h6>\n<\/div>\n\t\t<\/div>\n\t\t<div class=\"mkd-cta-button-holder\" >\n\t\t\t<div class=\"mkd-cta-button\"><a itemprop=\"url\" href=\"tel:950393028\" target=\"_self\"  class=\"mkd-btn mkd-btn-large mkd-btn-solid mkd-btn-custom-hover-bg mkd-btn-custom-border-hover\" data-hover-bg-color=\"#dd3333\" data-hover-border-color=\"#dd3333\" >    <span class=\"mkd-btn-text\">950 393 028<\/span>        <\/a><\/div>\n\t\t<\/div>\n\t<\/div>\n<\/div>[\/vc_column][\/vc_row][vc_row][vc_column][vc_empty_space height=\u00bb10px\u00bb][\/vc_column][\/vc_row]<\/p>\n<\/section>","protected":false},"excerpt":{"rendered":"<p>[vc_row disable_element=\u00bbyes\u00bb css=\u00bb.vc_custom_1675703842794{padding-top: 240px !important;padding-bottom: 272px !important;}\u00bb][vc_column][vc_column_text] About us [\/vc_column_text][vc_empty_space height=\u00bb10px\u00bb][vc_column_text] meet us and start work with us [\/vc_column_text][\/vc_column][\/vc_row][vc_row row_content_width=\u00bbgrid\u00bb css=\u00bb.vc_custom_1518101055446{padding-top: 162px !important;padding-right: 0px !important;padding-bottom: 164px !important;padding-left: 0px !important;}\u00bb][vc_column css=\u00bb.vc_custom_1517908805816{padding-right: 0px !important;padding-left: 0px !important;}\u00bb][vc_column_text] Tu cocina perfecta \u00bfQuieres una cocina [&hellip;]<\/p>\n","protected":false},"author":2,"featured_media":0,"parent":0,"menu_order":0,"comment_status":"closed","ping_status":"closed","template":"full-width.php","meta":{"_themeisle_gutenberg_block_has_review":false},"_links":{"self":[{"href":"https:\/\/verasur.es\/index.php?rest_route=\/wp\/v2\/pages\/6053"}],"collection":[{"href":"https:\/\/verasur.es\/index.php?rest_route=\/wp\/v2\/pages"}],"about":[{"href":"https:\/\/verasur.es\/index.php?rest_route=\/wp\/v2\/types\/page"}],"author":[{"embeddable":true,"href":"https:\/\/verasur.es\/index.php?rest_route=\/wp\/v2\/users\/2"}],"replies":[{"embeddable":true,"href":"https:\/\/verasur.es\/index.php?rest_route=%2Fwp%2Fv2%2Fcomments&post=6053"}],"version-history":[{"count":60,"href":"https:\/\/verasur.es\/index.php?rest_route=\/wp\/v2\/pages\/6053\/revisions"}],"predecessor-version":[{"id":6280,"href":"https:\/\/verasur.es\/index.php?rest_route=\/wp\/v2\/pages\/6053\/revisions\/6280"}],"wp:attachment":[{"href":"https:\/\/verasur.es\/index.php?rest_route=%2Fwp%2Fv2%2Fmedia&parent=6053"}],"curies":[{"name":"wp","href":"https:\/\/api.w.org\/{rel}","templated":true}]}}