{"id":6446,"date":"2025-03-03T22:00:31","date_gmt":"2025-03-03T22:00:31","guid":{"rendered":"https:\/\/verasur.es\/?page_id=6446"},"modified":"2025-03-03T22:18:55","modified_gmt":"2025-03-03T22:18:55","slug":"politica-de-privacidad","status":"publish","type":"page","link":"https:\/\/verasur.es\/?page_id=6446","title":{"rendered":"Pol\u00edtica de privacidad"},"content":{"rendered":"<section class=\"wpb-content-wrapper\"><p>[vc_row row_content_width=\u00bbgrid\u00bb css=\u00bb.vc_custom_1705578540430{padding-top: 100px !important;padding-right: 0px !important;padding-bottom: 100px !important;padding-left: 0px !important;}\u00bb][vc_column css=\u00bb.vc_custom_1517908805816{padding-right: 0px !important;padding-left: 0px !important;}\u00bb][vc_column_text]<\/p>\n<ol>\n<li>General.<\/li>\n<\/ol>\n<p>&nbsp;<\/p>\n<p>La presente \u00abPol\u00edtica de Privacidad\u00bbrecoge las reglas que rigen la recogida y tratamiento de datos personales por parte de SUMINISTROS VERASUR, S.L. a trav\u00e9s de esta p\u00e1gina web.<\/p>\n<p>SUMINISTROS VERASUR, S.L. garantiza que estas labores de recogida y tratamiento de datos cumplir\u00e1, en todo momento, la normativa vigente en materia de protecci\u00f3n de datos de car\u00e1cter personal.<\/p>\n<p>&nbsp;<\/p>\n<ol start=\"2\">\n<li>Objeto.<\/li>\n<\/ol>\n<p>La empresa SUMINISTROS VERASUR, S.L. (en adelante: SUMINISTROS VERASUR) cumple el Reglamento (EU) 2016\/679, de 27 de abril de 2016 (en adelante, RGPD), y la LO 3\/2018, de 5 de diciembre de 2018 de Protecci\u00f3n de Datos Personales y garant\u00eda de los derechos digitales, y adaptar\u00e1 su comportamiento a cualquier otra norma que venga a complementar o sustituir a las anteriores.<\/p>\n<p>La pol\u00edtica de privacidad afecta a todos los Usuarios que, mediante navegaci\u00f3n, accedan a los Servicios.<\/p>\n<p>&nbsp;<\/p>\n<ol start=\"3\">\n<li>Responsable del Tratamiento.<\/li>\n<\/ol>\n<p>SUMINISTROS VERASUR empresa espa\u00f1ola con domicilio social en CTRA. VERA GARRUCHA KM1, 04620, VERA (ALMER\u00cdA) con n\u00famero de CIF: B04114773 tel\u00e9fono 950 39 30 28 y direcci\u00f3n de correo electr\u00f3nico: comercial@verasur.es, ser\u00e1 responsable de los datos de car\u00e1cter personal recabados a trav\u00e9s la P\u00e1gina Web.<\/p>\n<p>El Usuario, en el momento de proceder al registro de sus datos en la P\u00e1gina Web y al aceptar estas condiciones, declara haber le\u00eddo y conocer la Presente Pol\u00edtica de Privacidad y est\u00e1 otorgando su consentimiento inequ\u00edvoco y expreso para que sus datos sean incorporados a ficheros y tratamientos creados y gestionados por SUMINISTROS VERASUR.<\/p>\n<p>Los datos de car\u00e1cter personal recabados directamente del interesado ser\u00e1n tratados de forma confidencial y quedar\u00e1n incorporados a la correspondiente actividad de tratamiento titularidad de SUMINISTROS VERASUR.<\/p>\n<p>SUMINISTROS VERASUR ha adoptado los niveles de seguridad de protecci\u00f3n de los datos personales legalmente requeridos, y ha instalado medios y medidas t\u00e9cnicas para evitar la p\u00e9rdida, mal uso, alteraci\u00f3n, acceso no autorizado y robo de los datos personales facilitados.<\/p>\n<p>&nbsp;<\/p>\n<ol start=\"4\">\n<li>Finalidades.<\/li>\n<\/ol>\n<p>Los datos personales proporcionados por el interesado ser\u00e1n tratados con la finalidad de darle respuesta de nuestros servicios de:<\/p>\n<p>FINALIDAD 1: Prestaci\u00f3n de Servicios relativos a venta de material de construcci\u00f3n y saneamiento.<\/p>\n<p>Tratamos sus datos personales para la realizaci\u00f3n de servicios de comercio al por mayor de materiales de construcci\u00f3n, cer\u00e1mica y ba\u00f1o y fontaner\u00eda, as\u00ed como para proceder a la facturaci\u00f3n de los servicios y de m\u00e1s tr\u00e1mites para la correcta prestaci\u00f3n del servicio.<\/p>\n<p>As\u00ed mismo se tratar\u00e1n sus datos online con el fin de identificarle como usuario en nuestra web.<\/p>\n<p>FINALIDAD 2: Mantenimiento de la relaci\u00f3n comercial\/contractual que se establezca con el cliente y\/o nuestros proveedores, de conformidad con la naturaleza y caracter\u00edsticas de los servicios o productos contratados.<\/p>\n<p>FINALIDAD 3: Canalizar las solicitudes de informaci\u00f3n, sugerencias y reclamaciones que nos pueda hacer llegar.<\/p>\n<p>FINALIDAD 4: Gesti\u00f3n de la relaci\u00f3n laboral, en el caso de nuestros empleados.<\/p>\n<p>FINALIDAD 5: Env\u00edo de Informaci\u00f3n y\/o Publicidad de nuestros productos o servicios.<\/p>\n<p>Tambi\u00e9n se utilizar\u00e1n los datos para enviarle comunicaciones relacionadas con la prestaci\u00f3n, mejora y actualizaci\u00f3n de nuestros servicios, as\u00ed como informaci\u00f3n publicitaria sobre promociones aplicables al producto\/servicio, o env\u00edo de informaci\u00f3n relativa a normativas e innovaciones del sector.<\/p>\n<p>Esta informaci\u00f3n publicitaria ser\u00e1 remitida por cualquier canal (mensajes de WhatsApp, correos electr\u00f3nicos, llamadas telef\u00f3nicas, etc). En cualquier momento se permitir\u00e1 al cliente oponerse al env\u00edo de nuevas comunicaciones comerciales pudiendo hacer uso de este derecho a trav\u00e9s de la direcci\u00f3n de correo electr\u00f3nico expuesta en el punto 3 de este mismo documento.<\/p>\n<p>FINALIDAD 6: Gesti\u00f3n de curriculums: En el caso de Curriculums recibidos, informar que el tratamiento de los mismos tiene como finalidad proceder a la selecci\u00f3n de candidatos para cubrir puestos de trabajo en esta empresa. La consecuencia de la obtenci\u00f3n de los datos personales comunicados ser\u00e1 la participaci\u00f3n en los procesos de selecci\u00f3n que la misma realice para cubrir puestos de trabajo de la propia compa\u00f1\u00eda o en futuros procesos de selecci\u00f3n de puestos que se ajusten al perfil profesional del candidato, salvo que semanifieste su deseo de que sus datos no sean conservados para esta \u00faltima finalidad en cuyo caso la empresa proceder\u00e1 a cancelarlos de acuerdo con su solicitud.<\/p>\n<p>FINALIDAD 7: Garantizar la seguridad de las personas e instalaciones.<\/p>\n<p>El cliente\/ Usuario autoriza el tratamiento de sus datos personales exclusivamente para los fines anteriormente expuestos.<\/p>\n<p>&nbsp;<\/p>\n<ol start=\"5\">\n<li>Legitimaci\u00f3n.<\/li>\n<\/ol>\n<p>La comunicaci\u00f3n de los datos personales mediante formulario de contacto, es de forma libre y voluntaria para el Usuario, por lo que la base legitimadora del tratamiento de sus datos personales es su consentimiento afirmativo. El env\u00edo de<\/p>\n<p>correo electr\u00f3nico al email comercial@verasur.es y los datos enviados en el mismo, se entienden por aceptaci\u00f3n expresa del tratamiento de los datos. Si bien deben de aceptarse estas pol\u00edticas de privacidad y cookies.<\/p>\n<p>&nbsp;<\/p>\n<ol start=\"6\">\n<li>Derechos del Usuarios.<\/li>\n<\/ol>\n<p>En caso de que el Usuario, en alg\u00fan momento posterior al registro, quisiera variar sus preferencias en cuanto a la recepci\u00f3n de comunicaciones, podr\u00e1 revocar su consentimiento. En todo momento, el Responsable del Tratamiento se comprometen a respetar la confidencialidad de sus Datos Personales.<\/p>\n<p>Respecto al ejercicio de derechos, el Usuario podr\u00e1 ejercer los derechos de acceso, rectificaci\u00f3n, cancelaci\u00f3n, oposici\u00f3n, supresi\u00f3n, limitaci\u00f3n y portabilidad, as\u00ed como a no ser objeto de decisiones basadas \u00fanicamente en el tratamiento automatizado de sus datos, cuando proceda, dirigi\u00e9ndose al Responsable de Tratamiento, a trav\u00e9s de correo electr\u00f3nico a la direcci\u00f3n comercial@verasur.es desde la direcci\u00f3n de email que utiliz\u00f3 en el momento de registrarse, acreditando su identidad mediante su DNI o documento equivalente, y especificando el derecho que desea ejercer, adjuntando el formulario escaneado y firmado, e indicando en el asunto Ejercicio de Derechos LOPD. Tambi\u00e9n podr\u00e1 ejercer sus derechos mediante solicitud escrita y firmada, identific\u00e1ndose en la misma correctamente, dirigida a SUMINISTROS VERASUR, S.L., CTRA. VERA GARRUCHA KM1, 04620, VERA (ALMER\u00cdA), con referencia: Ejercicio de Derechos LOPD. El responsable podr\u00e1 solicitarle documentaci\u00f3n complementaria en el caso de que sea necesario para identificar al interesado de forma inequ\u00edvoca. Se recomienda que el Usuario facilite toda la informaci\u00f3n sobre los Servicios que utiliza o ha utilizado, as\u00ed como los datos personales que facilit\u00f3 en el momento de registrarse para poder atender adecuadamente su solicitud. En caso de que act\u00fae mediante representante legal o voluntario deber\u00e1 aportar adem\u00e1s el documento acreditativo de la representaci\u00f3n.<\/p>\n<p>&nbsp;<\/p>\n<p>Estos derechos se caracterizan por lo siguiente:<\/p>\n<p>&#8211; Su ejercicio es gratuito, salvo que se trate de solicitudes manifiestamente<\/p>\n<p>infundadas o excesivas (p. ej., car\u00e1cter repetitivo), en cuyo caso SUMINISTROS VERASUR podr\u00e1 cobrar un canon proporcional a los costes administrativos soportados o negarse a actuar<\/p>\n<p>&#8211; Puede ejercer los derechos directamente o por medio de tu representante legal o voluntario<\/p>\n<p>&#8211; Debemos responder a su solicitud en el plazo de un mes, aunque, si se tiene en cuenta la complejidad y n\u00famero de solicitudes, se puede prorrogar el plazo en otros dos meses m\u00e1s.<\/p>\n<p>&#8211; Tenemos la obligaci\u00f3n de informarle sobre los medios para ejercitar estos derechos, los cuales deben ser accesibles y sin poder denegarle el ejercicio del derecho<\/p>\n<p>por el solo motivo de optar por otro medio. Si la solicitud se presenta por medios electr\u00f3nicos, la informaci\u00f3n se facilitar\u00e1 por estos medios cuando sea posible, salvo que nos solicite que sea de otro modo.<\/p>\n<p>&#8211; Si SUMINISTROS VERASUR no da curso a la solicitud, le informar\u00e1, a m\u00e1s tardar en un mes, de las razones de su no actuaci\u00f3n y la posibilidad de reclamar ante una Autoridad de Control.<\/p>\n<p>A fin de facilitar su ejercicio, le facilitamos los enlaces al formulario de solicitud de cada uno de los derechos:<\/p>\n<p><a href=\"https:\/\/www.aepd.es\/documento\/formulario-derecho-de-acceso.pdf\">Formulario ejercicio del derecho de acceso<\/a><\/p>\n<p><a href=\"https:\/\/www.aepd.es\/documento\/formulario-derecho-de-rectificacion.pdf\">Formulario de ejercicio del derecho de rectificaci\u00f3n<\/a><\/p>\n<p><a href=\"https:\/\/www.aepd.es\/documento\/formulario-derecho-de-oposicion.pdf\">Formulario de ejercicio del derecho de oposici\u00f3n<\/a><\/p>\n<p><a href=\"https:\/\/www.aepd.es\/documento\/formulario-derecho-de-supresion.pdf\">Formulario de ejercicio del derecho de supresi\u00f3n (derecho \u201cal olvido\u201d)<\/a><\/p>\n<p><a href=\"https:\/\/www.aepd.es\/documento\/formulario-derecho-de-limitacion.pdf\">Formulario de ejercicio del derecho a la limitaci\u00f3n del tratamiento<\/a><\/p>\n<p><a href=\"https:\/\/www.aepd.es\/documento\/formulario-derecho-de-portabilidad.pdf\">Formulario de ejercicios del derecho a la portabilidad<\/a><\/p>\n<p><a href=\"https:\/\/www.aepd.es\/documento\/formulario-derecho-de-oposicion-decisiones-automatizadas.pdf\">Formulario de ejercicio a no ser objeto de decisiones individuales automatizadas<\/a><\/p>\n<p>&nbsp;<\/p>\n<p>El Usuario podr\u00e1 adem\u00e1s enviar a la direcci\u00f3n comercial@verasur.es sus dudas, sugerencias o reclamaciones, as\u00ed como manifestar una queja o reclamaci\u00f3n ante la Agencia Espa\u00f1ola de Protecci\u00f3n de Datos si considera que no ha obtenido satisfacci\u00f3n plena en el ejercicio de sus derechos (C\/ Jorge Juan, 6 \u2013 28001 Madrid).<\/p>\n<p>&nbsp;<\/p>\n<ol start=\"7\">\n<li>Tipos de datos recogidos a trav\u00e9s de la p\u00e1gina web \u00bfc\u00f3mo recabamos su informaci\u00f3n?<\/li>\n<\/ol>\n<p>&nbsp;<\/p>\n<p>Recabamos su informaci\u00f3n personal a trav\u00e9s de diferentes medios, pero siempre ser\u00e1 informado en el momento de la recogida mediante cl\u00e1usulas informativas sobre el responsable del tratamiento, la finalidad y la base legal del mismo, los destinatarios de los datos y el periodo de conservaci\u00f3n de su informaci\u00f3n, as\u00ed como la forma en que puede ejercer los derechos que le asisten en materia de protecci\u00f3n de datos.<\/p>\n<p>SUMINISTROS VERASUR recoger\u00e1 los siguientes datos personales del usuario a trav\u00e9s de las siguientes fuentes:<\/p>\n<ol>\n<li>FORMULARIO DE CONTACTO:<\/li>\n<\/ol>\n<p>Datos identificativos (nombre, direcci\u00f3n de correo y tel\u00e9fono) y mensaje.<\/p>\n<p>En los casos de gesti\u00f3n y selecci\u00f3n de personal recogemos los datos acad\u00e9micos y profesionales para poder atender a las obligaciones derivadas del mantenimiento de la relaci\u00f3n laboral o en su caso, entrar a formar parte de nuestra plantilla.<\/p>\n<p>SUMINISTROS VERASUR utiliza redes sociales y esta es otra forma de llegar a usted. La informaci\u00f3n recogida a trav\u00e9s de los mensajes y comunicaciones que publica puede contener informaci\u00f3n personal que se encuentra disponible online y accesible al p\u00fablico. Estas redes sociales cuentan con sus propias pol\u00edticas de privacidad donde se explica c\u00f3mo utilizan y comparten su informaci\u00f3n, por lo que SUMINISTROS VERASUR le recomienda que las consulte antes de hacer uso de estas para confirmar que est\u00e1 de acuerdo con la forma en que su informaci\u00f3n es recogida, tratada y compartida.<\/p>\n<p>A trav\u00e9s de nuestra p\u00e1gina web recabamos informaci\u00f3n personal relacionada con su navegaci\u00f3n a trav\u00e9s del uso de cookies. Para conocer de manera clara y precisa las cookies que utilizamos, cu\u00e1les son sus finalidades y c\u00f3mo puede configurarlas o deshabilitarlas, consulte nuestra Pol\u00edtica de Cookies.<\/p>\n<p>Adem\u00e1s, nuestras instalaciones cuentan con un sistema de videovigilancia cuya funci\u00f3n es garantizar la seguridad de personas y bienes, por lo que su imagen puede ser grabada simplemente por el hecho de acceder a las mismas. Esas im\u00e1genes se custodian durante el plazo m\u00e1ximo de 1 mes desde su captaci\u00f3n y \u00fanicamente ser\u00edan comunicadas a las Fuerzas y Cuerpos de Seguridad del Estado en el caso de que resultase necesario.<\/p>\n<p>&nbsp;<\/p>\n<ol start=\"8\">\n<li>Responsabilidad del usuario.<\/li>\n<\/ol>\n<p>Al facilitarnos sus datos a trav\u00e9s de canales electr\u00f3nicos, el usuario garantiza que es mayor de 14 a\u00f1os y que los datos facilitados a SUMINISTROS VERASUR son verdaderos, exactos, completos y actualizados. A estos efectos, el usuario confirma que responde de la veracidad de los datos comunicados y que mantendr\u00e1 convenientemente actualizada dicha informaci\u00f3n de modo que responda a su situaci\u00f3n real, haci\u00e9ndose responsable de los datos falsos e inexactos que pudiera proporcionar, as\u00ed como de los da\u00f1os y perjuicios, directos o indirectos, que pudieran derivarse. Puede comunicar a SUMINISTROS VERASUR cualquier modificaci\u00f3n en los mismos a trav\u00e9s del correo <a href=\"mailto:comercial@verasur.es\">comercial@verasur.es<\/a><\/p>\n<p>&nbsp;<\/p>\n<ol start=\"9\">\n<li>Tratamiento de datos y su Confidencialidad \u00bfc\u00f3mo protegemos su informaci\u00f3n?<\/li>\n<\/ol>\n<p>Los datos que se faciliten se incorporar\u00e1n a un fichero automatizado, cuya titularidad y responsabilidad viene ostentada por SUMINISTROS VERASUR, y ser\u00e1n tratados con absoluta confidencialidad.<\/p>\n<p>La entidad responsable de los ficheros, as\u00ed como los que intervengan en cualquier fase del tratamiento y\/o las entidades a quienes les hayan sido comunicadas -en virtud de la autorizaci\u00f3n conferida por el USUARIO- est\u00e1n obligadas a observar el secreto profesional y adoptar\u00e1n los niveles de protecci\u00f3n y las medidas t\u00e9cnicas y organizativas necesarias a su alcance que garanticen la seguridad de los datos de car\u00e1cter personal, evitando, en la medida de lo posible, accesos no autorizados, modificaciones il\u00edcitas, sustracciones y\/o la p\u00e9rdida de los datos. Adem\u00e1s, todo el personal con acceso a los datos personales ha sido formado y tiene conocimiento de sus obligaciones con relaci\u00f3n a los tratamientos de sus datos personales.<\/p>\n<p>En el caso de los contratos que suscribimos con nuestros proveedores incluimos cl\u00e1usulas en las que se les exige mantener el deber de secreto respecto a los datos de car\u00e1cter personal a los que hayan tenido acceso en virtud del encargo realizado, as\u00ed como implantar las medidas de seguridad t\u00e9cnicas y organizativas necesarias para garantizar la confidencialidad, integridad, disponibilidad y resiliencia permanentes de los sistemas y servicios de tratamiento de los datos personales.<\/p>\n<p>Todas estas medidas de seguridad son revisadas de forma peri\u00f3dica para garantizar su adecuaci\u00f3n y efectividad.<\/p>\n<p>No obstante, se advierte e informa a los USUARIOS que las medidas t\u00e9cnicas no son infalibles ni inexpugnables, motivo por el cual, el responsable del fichero no podr\u00e1 tenerse por responsable de tales pr\u00e1cticas ni de sus consecuencias, sin embargo, en el caso de que cualquier informaci\u00f3n objeto de tratamiento y bajo nuestro control se viese comprometida como consecuencia de una brecha de seguridad, tomaremos las medidas adecuadas para investigar el incidente, notificarlo a la Autoridad de Control y, en su caso, a aquellos usuarios que se hubieran podido ver afectados para que tomen las medidas adecuadas.<\/p>\n<p>Al remitir el interesado sus datos de car\u00e1cter personal y de correo electr\u00f3nico a SUMINISTROS VERASUR expresamente AUTORIZA la utilizaci\u00f3n de dichos datos a los efectos de las comunicaciones peri\u00f3dicas, incluyendo expresamente las que se realicen v\u00eda correo electr\u00f3nico, que SUMINISTROS VERASUR o las entidades filiales de SUMINISTROS VERASUR llevan a cabo con sus clientes y colaboradores y posibles interesados inform\u00e1ndoles de sus actividades, noticias, promociones, as\u00ed como cualesquier ofertas de servicios y productos relacionados con la actividad que desarrolla.<\/p>\n<p>Los datos de car\u00e1cter personal de los USUARIOS, junto con los que se originen como consecuencia del acceso, uso o contrataci\u00f3n del servicio, s\u00f3lo podr\u00e1n ser objeto de tratamiento automatizado y cedidos en la forma y con la finalidad establecida y expresamente autorizada por los USUARIOS.<\/p>\n<p>&nbsp;<\/p>\n<ol start=\"10\">\n<li>Cesiones de datos<\/li>\n<\/ol>\n<p>En ning\u00fan caso, los datos personales se ceder\u00e1n por parte de SUMINISTROS VERASUR a Terceros sin el previo consentimiento de los Usuarios, salvo en aquellos casos en los que fuere imprescindible para la correcta prestaci\u00f3n del servicio o en los casos en que exista una obligaci\u00f3n legal.<\/p>\n<p>Puede comunicarnos su oposici\u00f3n a la cesi\u00f3n de sus datos, aunque en ese caso, no ser\u00eda posible prestarle el servicio solicitado.<\/p>\n<p>Aunque no se trata de una cesi\u00f3n de datos, para prestarle el servicio solicitado puede ser que terceras empresas, que act\u00faan como proveedores nuestros, accedan a su informaci\u00f3n para llevar a cabo el servicio que les hemos contratado. Estos encargados acceden a sus datos siguiendo nuestras instrucciones y sin que puedan utilizarlos para una finalidad diferente y manteniendo la m\u00e1s estricta confidencialidad.<\/p>\n<p>En caso de que resulte necesario derivado de un incidente registrado por nuestras c\u00e1maras de seguridad, sus im\u00e1genes podr\u00edan ser comunicadas a las Fuerzas y Cuerpos de Seguridad del Estado, en virtud de lo establecido en la Ley.<\/p>\n<p>Asimismo, su informaci\u00f3n personal estar\u00e1 a disposici\u00f3n de las Administraciones P\u00fablicas, Jueces y Tribunales, para la atenci\u00f3n de posibles responsabilidades nacidas del tratamiento.<\/p>\n<p>&nbsp;<\/p>\n<ol start=\"11\">\n<li>Transferencias internacionales de datos.<\/li>\n<\/ol>\n<p>No existen transferencias internacionales de sus datos a pa\u00edses fuera del Espacio Econ\u00f3mico Europeo (EEE).<\/p>\n<p>Con nuestros proveedores hemos acordado que, para la prestaci\u00f3n del servicio contratado, hagan uso de servidores ubicados en el EEE y si, en un futuro, necesit\u00e1semos hacer uso de servidores localizados fuera del territorio de la UE, se adoptar\u00e1n las medidas adecuadas, que ser\u00e1n incorporadas a esta Pol\u00edtica de Privacidad, garantizando que dichos proveedores se hallan bajo las decisiones de adecuaci\u00f3n adoptadas por la Comisi\u00f3n de la UE o que existen otras garant\u00edas adecuadas.<\/p>\n<p>&nbsp;<\/p>\n<ol start=\"12\">\n<li>Plazo de conservaci\u00f3n de los datos<\/li>\n<\/ol>\n<p>En SUMINISTROS VERASUR s\u00f3lo conservamos su informaci\u00f3n por el periodo de tiempo necesario para cumplir con la finalidad para la que fue recogida, dar cumplimiento a las obligaciones legales que nos vienen impuestas y atender las posibles responsabilidades que pudieran derivar del cumplimiento de la finalidad por la que los datos fueron recabados. En cuanto a los CV de los candidatos, estos ser\u00e1n conservados durante 1 a\u00f1o desde su recogida.<\/p>\n<p>En todo caso, y por regla general, mantendremos su informaci\u00f3n personal mientras exista una relaci\u00f3n contractual que nos vincule o usted no ejerza su derecho de supresi\u00f3n y\/o limitaci\u00f3n del tratamiento, en cuyo caso, la informaci\u00f3n ser\u00e1 bloqueada sin darle uso m\u00e1s all\u00e1 de su conservaci\u00f3n, mientras pueda ser necesaria para el ejercicio o defensa de reclamaciones o pudiera derivarse alg\u00fan tipo de responsabilidad que tuviera que ser atendida.<\/p>\n<p>&nbsp;<\/p>\n<ol start=\"13\">\n<li>Modificaci\u00f3n de la pol\u00edtica de privacidad<\/li>\n<\/ol>\n<p>SUMINISTROS VERASUR se reserva el derecho a modificar, en cualquier momento, la presente Pol\u00edtica de Privacidad para adaptarla a las novedades legislativas o jurisprudenciales, as\u00ed como a las modificaciones o pr\u00e1cticas de la industria, comprometi\u00e9ndose a comunicar las nuevas condiciones que se han introducido.<\/p>\n<p>&nbsp;<\/p>\n<ol start=\"14\">\n<li>Redes Sociales<\/li>\n<\/ol>\n<p>SUMINISTROS VERASUR informa a los Usuarios, que ha procedido a crear una p\u00e1gina en las Redes Sociales Facebook con la finalidad principal de publicitar sus productos y servicios.<\/p>\n<p>Al hacerse fan de este sitio Web mediante el bot\u00f3n \u201cMe gusta\u201d, consiente el tratamiento de sus datos personales por parte de Facebook, conforme a sus pol\u00edticas de privacidad. Si desea saber m\u00e1s sobre este particular, siga el enlace: http:\/\/www.facebook.com\/policy.php?ref=pf.<\/p>\n<p>Tambi\u00e9n consiente nuestro acceso a los datos contenidos en su perfil. Consiente que un evento creado por esta empresa pueda aparecer publicado en su muro. Esta empresa no utilizar\u00e1 los datos para otras finalidades, ni para enviar informaci\u00f3n adicional. Puede dejar de ser fan de esta p\u00e1gina en cualquier momento, utilizando las herramientas que facilita Facebook para esta finalidad.<\/p>\n<p>Tambi\u00e9n puede en todo momento, ejercer los derechos de acceso, rectificaci\u00f3n, cancelaci\u00f3n y oposici\u00f3n, tal y como explicamos en el apartado de Protecci\u00f3n de datos. Por favor, mantenga sus datos actualizados. Nosotros no podemos hacerlo, \u00fanicamente podemos consultar o dar de baja sus datos como fan de esta p\u00e1gina. Esta empresa no se hace responsable de los contenidos, comentarios, opiniones o informaciones, propias o de terceros, que los usuarios publiquen en nuestra p\u00e1gina. Puede utilizar nuestros contenidos para fines l\u00edcitos, siempre y cuando haga menci\u00f3n a su origen o autor.<\/p>\n<p>El Usuario, una vez unido a cualquiera de las p\u00e1ginas de SUMINISTROS VERASUR, podr\u00e1 publicar en \u00e9stas \u00faltimas comentarios, enlaces, im\u00e1genes o fotograf\u00edas o cualquier otro tipo de contenido multimedia soportado por la Red Social. El Usuario, en todos los casos, debe ser el titular de los mismos, gozar de los derechos de autor y de propiedad intelectual o contar con el consentimiento de los terceros afectados. Se proh\u00edbe expresamente cualquier publicaci\u00f3n en las p\u00e1ginas, ya sean textos, gr\u00e1ficos, fotograf\u00edas, v\u00eddeos, etc. que atenten o sean susceptibles de atentar contra la moral, la \u00e9tica, el buen gusto o el decoro, ni que infrinjan, violen o conculquen los derechos de propiedad intelectual o industrial, el derecho a la imagen o la Ley. En estos casos, SUMINISTROS VERASUR se reserva el derecho a retirar de inmediato el contenido, pudiendo solicitar el bloqueo permanente del Usuario. SUMINISTROS VERASUR no se har\u00e1 responsable de los contenidos que libremente ha publicado un Usuario. El Usuario debe tener presente que sus publicaciones ser\u00e1n conocidas por los otros Usuarios, por lo que \u00e9l mismo es el principal responsable de su privacidad. Las im\u00e1genes que puedan publicarse en la p\u00e1gina no ser\u00e1n almacenadas en ning\u00fan fichero por parte de SUMINISTROS VERASUR, pero s\u00ed que permanecer\u00e1n en la Red Social.[\/vc_column_text][\/vc_column][\/vc_row][vc_row][vc_column][vc_empty_space height=\u00bb10px\u00bb][\/vc_column][\/vc_row]<\/p>\n<\/section>","protected":false},"excerpt":{"rendered":"<p>[vc_row row_content_width=\u00bbgrid\u00bb css=\u00bb.vc_custom_1705578540430{padding-top: 100px !important;padding-right: 0px !important;padding-bottom: 100px !important;padding-left: 0px !important;}\u00bb][vc_column css=\u00bb.vc_custom_1517908805816{padding-right: 0px !important;padding-left: 0px !important;}\u00bb][vc_column_text] General. &nbsp; La presente \u00abPol\u00edtica de Privacidad\u00bbrecoge las reglas que rigen la recogida y tratamiento de datos personales por parte de SUMINISTROS VERASUR, S.L. [&hellip;]<\/p>\n","protected":false},"author":3,"featured_media":0,"parent":0,"menu_order":0,"comment_status":"closed","ping_status":"closed","template":"full-width.php","meta":{"_themeisle_gutenberg_block_has_review":false},"_links":{"self":[{"href":"https:\/\/verasur.es\/index.php?rest_route=\/wp\/v2\/pages\/6446"}],"collection":[{"href":"https:\/\/verasur.es\/index.php?rest_route=\/wp\/v2\/pages"}],"about":[{"href":"https:\/\/verasur.es\/index.php?rest_route=\/wp\/v2\/types\/page"}],"author":[{"embeddable":true,"href":"https:\/\/verasur.es\/index.php?rest_route=\/wp\/v2\/users\/3"}],"replies":[{"embeddable":true,"href":"https:\/\/verasur.es\/index.php?rest_route=%2Fwp%2Fv2%2Fcomments&post=6446"}],"version-history":[{"count":3,"href":"https:\/\/verasur.es\/index.php?rest_route=\/wp\/v2\/pages\/6446\/revisions"}],"predecessor-version":[{"id":6450,"href":"https:\/\/verasur.es\/index.php?rest_route=\/wp\/v2\/pages\/6446\/revisions\/6450"}],"wp:attachment":[{"href":"https:\/\/verasur.es\/index.php?rest_route=%2Fwp%2Fv2%2Fmedia&parent=6446"}],"curies":[{"name":"wp","href":"https:\/\/api.w.org\/{rel}","templated":true}]}}