{"id":6451,"date":"2025-03-03T22:22:23","date_gmt":"2025-03-03T22:22:23","guid":{"rendered":"https:\/\/verasur.es\/?page_id=6451"},"modified":"2025-03-03T23:35:17","modified_gmt":"2025-03-03T23:35:17","slug":"politica-de-cookies","status":"publish","type":"page","link":"https:\/\/verasur.es\/?page_id=6451","title":{"rendered":"Pol\u00edtica de cookies"},"content":{"rendered":"<section class=\"wpb-content-wrapper\"><p>[vc_row row_content_width=\u00bbgrid\u00bb css=\u00bb.vc_custom_1705578540430{padding-top: 100px !important;padding-right: 0px !important;padding-bottom: 100px !important;padding-left: 0px !important;}\u00bb][vc_column css=\u00bb.vc_custom_1517908805816{padding-right: 0px !important;padding-left: 0px !important;}\u00bb][vc_column_text]<\/p>\n<div class=\"page\" title=\"Page 1\">\n<table>\n<tbody>\n<tr>\n<td>\n<div class=\"layoutArea\">\n<div class=\"column\">\n<p>En www.verasur.es utilizamos las cookies u otros archivos de funcionalidad similar (en adelante, \u201ccookies\u201d) para saber co\u0301mo utilizas nuestros servicios y poder mejorarlos. SUMINISTROS VERASUR, S.L. es responsable de las cookies y del tratamiento de los datos obtenidos a trave\u0301s de estas, ya sean propias o de terceros, decidiendo sobre la finalidad, contenido y uso del tratamiento de la informacio\u0301n recabada.<\/p>\n<p>El objetivo de esta poli\u0301tica es informarle de manera clara y detallada de que\u0301 es una cookie, cua\u0301l es su finalidad, que\u0301 tipo de cookies utilizamos y co\u0301mo configurarlas o en su caso deshabilitarlas.<\/p>\n<\/div>\n<\/div>\n<\/td>\n<\/tr>\n<tr>\n<td>\n<div class=\"layoutArea\">\n<div class=\"column\">\n<p>\u00bfQUE\u0301 SON LAS COOKIES?<\/p>\n<p>Una cookie es un pequen\u0303o archivo de texto que se almacena en su navegador cuando visita nuestra pa\u0301gina web y que guarda informacio\u0301n sobre la navegacio\u0301n que realiza. Algunas cookies resultan esenciales para el buen funcionamiento de las pa\u0301ginas web, como es el caso de las cookies te\u0301cnicas o de personalizacio\u0301n de la interfaz de usuario, aunque otras, como las cookies de ana\u0301lisis o las de publicidad comportamental, re- quieren que le informemos y recabar su consentimiento para ser utilizadas por nuestra parte. Algunas permiten a una pa\u0301gina web almacenar y recuperar informacio\u0301n sobre los ha\u0301bitos de navegacio\u0301n de un usuario o de su equipo y, dependiendo de la informacio\u0301n obtenida, se pueden utilizar para reconocer al usuario y mejorar el servicio ofrecido.<\/p>\n<\/div>\n<\/div>\n<\/td>\n<\/tr>\n<\/tbody>\n<\/table>\n<div class=\"layoutArea\">\n<div class=\"column\">\n<p>TIPOS DE COOKIES:<\/p>\n<p>A continuacio\u0301n, y con el objetivo de que pueda prestar un consentimiento plenamente informado, le detallamos la informacio\u0301n de en que\u0301 consiste y cua\u0301l es la finalidad de cada tipo de cookie.<\/p>\n<p>Segu\u0301n quien sea la entidad que gestione el dominio desde donde se envi\u0301an las cookies y trate los datos que se obtengan se pueden distinguir dos tipos: cookies propias y cookies de terceros.<\/p>\n<p>Existe tambie\u0301n una segunda clasificacio\u0301n segu\u0301n el plazo de tiempo que permanecen almacenadas en el navegador del cliente, pudiendo tratarse de cookies de sesio\u0301n o cookies persistentes.<\/p>\n<p>Por u\u0301ltimo, existe otra clasificacio\u0301n con cinco tipos de cookies segu\u0301n la finalidad para la que se traten los datos obtenidos: cookies te\u0301cnicas, cookies de personalizacio\u0301n, cookies de ana\u0301lisis, cookies publicitarias y cookies de publicidad comportamental.<\/p>\n<\/div>\n<\/div>\n<\/div>\n<div class=\"page\" title=\"Page 2\">\n<div class=\"layoutArea\">\n<div class=\"column\">\n<p>Cookies te\u0301cnicas : Son aque\u0301llas que permiten al usuario la navegacio\u0301n a trave\u0301s de una pa\u0301gina web, plataforma o aplicacio\u0301n y la utilizacio\u0301n de las diferentes opciones o servicios que en ella existan como, por ejemplo, controlar el tra\u0301fico y la comunicacio\u0301n de datos, identificar la sesio\u0301n, acceder a partes de acceso restringido, recordar los elementos que integran un pedido, realizar el proceso de compra de un pedido, realizar la solicitud de inscripcio\u0301n o participacio\u0301n en un evento, utilizar elementos de seguridad durante la navegacio\u0301n, almacenar contenidos para la difusio\u0301n de vi\u0301deos o sonido o compartir contenidos a trave\u0301s de redes sociales. La pa\u0301gina web no puede funcionar adecuadamente sin estas cookies por lo que se consideran necesarias y no requieren su consentimiento.<\/p>\n<p>Cookies de personalizacio\u0301n: Son aque\u0301llas que permiten al usuario acceder al servicio con algunas caracteri\u0301sticas de cara\u0301cter general predefinidas en funcio\u0301n de una serie de criterios en el terminal del usuario como por ejemplo serian el idioma, el tipo de navegador a trave\u0301s del cual accede al servicio, la configuracio\u0301n regional desde donde accede al servicio, etc. Si es el propio usuario quien elige esas caracteri\u0301sticas, por ejemplo, marcando la bandera del idioma, se considera un servicio expresamente solicitado siempre y cuando las cookies obedezcan exclusivamente a la finalidad seleccionada de personalizacio\u0301n. Como en el caso anterior, estas cookies no requieren su consentimiento.<\/p>\n<p>Cookies de ana\u0301lisis: Son aque\u0301llas que permiten al responsable de las mismas, el seguimiento y ana\u0301lisis del comportamiento de los usuarios de los sitios web a los que esta\u0301n vinculadas. La informacio\u0301n recogida mediante este tipo de cookies se utiliza en la medicio\u0301n de la actividad de los sitios web, aplicacio\u0301n o plataforma y para la elaboracio\u0301n de perfiles de navegacio\u0301n de los usuarios de dichos sitios, aplicaciones y plataformas, con el fin de introducir mejoras en funcio\u0301n del ana\u0301lisis de los datos de uso que hacen los usuarios del servicio.<\/p>\n<p>Las cookies de marketing o publicidad comportamental almacenan informacio\u0301n del comportamiento de los usuarios obtenida a trave\u0301s de la observacio\u0301n continuada de sus ha\u0301bitos de navegacio\u0301n, lo que permite desarrollar un perfil especi\u0301fico para mostrar anuncios relevantes y atractivos para el usuario individual, y, por lo tanto, ma\u0301s valiosos para los terceros anunciantes.<\/p>\n<p>Para ma\u0301s informacio\u0301n a este respecto puede consultar la Gui\u0301a sobre el uso de las cookies de la Agencia Espan\u0303ola de Proteccio\u0301n de Datos.<\/p>\n<\/div>\n<\/div>\n<\/div>\n<p>[\/vc_column_text][\/vc_column][\/vc_row][vc_row row_content_width=\u00bbgrid\u00bb css=\u00bb.vc_custom_1705578540430{padding-top: 100px !important;padding-right: 0px !important;padding-bottom: 100px !important;padding-left: 0px !important;}\u00bb][vc_column css=\u00bb.vc_custom_1517908805816{padding-right: 0px !important;padding-left: 0px !important;}\u00bb][vc_column_text]Cookies utilizadas en la web.<\/p>\n<p>Cookies utilizadas por el editor:<\/p>\n<ul>\n<li>T\u00e9cnicas y funcionales.<\/li>\n<\/ul>\n<p>&nbsp;<\/p>\n<table>\n<tbody>\n<tr>\n<td width=\"142\">Propiedad<\/td>\n<td width=\"142\">Cookie<\/td>\n<td width=\"142\">Finalidad<\/td>\n<td width=\"142\">Plazo<\/td>\n<\/tr>\n<tr>\n<td width=\"142\">google.com<\/td>\n<td width=\"142\">__Secure-1PAPISID<\/td>\n<td width=\"142\">Cookie necesaria para la utilizaci\u00f3n de las opciones y servicios del sitio web<\/td>\n<td width=\"142\">en un a\u00f1o<\/td>\n<\/tr>\n<tr>\n<td width=\"142\">google.com<\/td>\n<td width=\"142\">__Secure-1PSID<\/td>\n<td width=\"142\">Cookie necesaria para la utilizaci\u00f3n de las opciones y servicios del sitio web<\/td>\n<td width=\"142\">en un a\u00f1o<\/td>\n<\/tr>\n<tr>\n<td width=\"142\">google.com<\/td>\n<td width=\"142\">__Secure-1PSIDCC<\/td>\n<td width=\"142\">Cookie necesaria para la utilizaci\u00f3n de las opciones y servicios del sitio web<\/td>\n<td width=\"142\">en un a\u00f1o<\/td>\n<\/tr>\n<tr>\n<td width=\"142\">google.com<\/td>\n<td width=\"142\">__Secure-3PSIDCC<\/td>\n<td width=\"142\">Cookie necesaria para la utilizaci\u00f3n de las opciones y servicios del sitio web<\/td>\n<td width=\"142\">en un a\u00f1o<\/td>\n<\/tr>\n<tr>\n<td width=\"142\">google.com<\/td>\n<td width=\"142\">__Secure-ENID<\/td>\n<td width=\"142\">Cookie necesaria para la utilizaci\u00f3n de las opciones y servicios del sitio web<\/td>\n<td width=\"142\">en 11 meses<\/td>\n<\/tr>\n<tr>\n<td width=\"142\">google.com<\/td>\n<td width=\"142\">AEC<\/td>\n<td width=\"142\">Cookie necesaria para la utilizaci\u00f3n de las opciones y servicios del sitio web<\/td>\n<td width=\"142\">en 3 meses<\/td>\n<\/tr>\n<tr>\n<td width=\"142\">google.com<\/td>\n<td width=\"142\">CONSENT<\/td>\n<td width=\"142\">Rastreador de consentimiento de cookies de Google<\/td>\n<td width=\"142\">en 11 meses<\/td>\n<\/tr>\n<tr>\n<td width=\"142\">google.com<\/td>\n<td width=\"142\">OGPC<\/td>\n<td width=\"142\">Cookie necesaria para la utilizaci\u00f3n de las opciones y servicios del sitio web<\/td>\n<td width=\"142\">en 12 d\u00edas<\/td>\n<\/tr>\n<tr>\n<td width=\"142\">google.com<\/td>\n<td width=\"142\">SEARCH_SAMESITE<\/td>\n<td width=\"142\">SameSite evita que el navegador env\u00ede esta cookie junto con las solicitudes entre sitios. El objetivo principal es mitigar el riesgo de fuga de informaci\u00f3n de origen cruzado. Tambi\u00e9n proporciona cierta protecci\u00f3n contra ataques de falsificaci\u00f3n de solicitudes entre sitios.<\/td>\n<td width=\"142\">en 5 meses<\/td>\n<\/tr>\n<\/tbody>\n<\/table>\n<p>[\/vc_column_text][vc_column_text]<\/p>\n<ul>\n<li>Anal\u00edticas.<\/li>\n<\/ul>\n<p>&nbsp;<\/p>\n<table>\n<tbody>\n<tr>\n<td width=\"142\">Propiedad<\/td>\n<td width=\"142\">Cookie<\/td>\n<td width=\"142\">Finalidad<\/td>\n<td width=\"142\">Plazo<\/td>\n<\/tr>\n<tr>\n<td width=\"142\">google.com<\/td>\n<td width=\"142\">__Secure-3PAPISID<\/td>\n<td width=\"142\">Estas cookies se utilizan para entregar anuncios m\u00e1s relevantes para usted y sus intereses.<\/td>\n<td width=\"142\">en un a\u00f1o<\/td>\n<\/tr>\n<tr>\n<td width=\"142\">google.com<\/td>\n<td width=\"142\">__Secure-3PSID<\/td>\n<td width=\"142\">Estas cookies se utilizan para entregar anuncios m\u00e1s relevantes para usted y sus intereses.<\/td>\n<td width=\"142\">en un a\u00f1o<\/td>\n<\/tr>\n<\/tbody>\n<\/table>\n<p>[\/vc_column_text][vc_column_text]<\/p>\n<ul>\n<li>Publicitarias.<\/li>\n<\/ul>\n<table>\n<tbody>\n<tr>\n<td width=\"142\">Propiedad<\/td>\n<td width=\"142\">Cookie<\/td>\n<td width=\"142\">Finalidad<\/td>\n<td width=\"142\">Plazo<\/td>\n<\/tr>\n<tr>\n<td width=\"142\">google.com<\/td>\n<td width=\"142\">1P_JAR<\/td>\n<td width=\"142\">Estas cookies se establecen a trav\u00e9s de v\u00eddeos de youtube incrustados. Registran los datos estad\u00edsticos an\u00f3nimos sobre, por ejemplo, cu\u00e1ntas veces se reproduce el v\u00eddeo y las configuraciones que se utilizan para la reproducci\u00f3n.<\/td>\n<td width=\"142\">en un mes<\/td>\n<\/tr>\n<tr>\n<td width=\"142\">google.com<\/td>\n<td width=\"142\">APISID<\/td>\n<td width=\"142\">Descargar ciertas herramientas de Google y guardar ciertas preferencias, por ejemplo, el n\u00famero de resultados de la b\u00fasqueda por hoja o la activaci\u00f3n del filtro SafeSearch. Ajusta los anuncios que aparecen en la b\u00fasqueda de Google.<\/td>\n<td width=\"142\">en un a\u00f1o<\/td>\n<\/tr>\n<tr>\n<td width=\"142\">google.com<\/td>\n<td width=\"142\">DV<\/td>\n<td width=\"142\">Estas cookies se utilizan para recopilar estad\u00edsticas del sitio web y rastrear las tasas de conversi\u00f3n y la personalizaci\u00f3n de anuncios de Google<\/td>\n<td width=\"142\">sesi\u00f3n<\/td>\n<\/tr>\n<tr>\n<td width=\"142\">google.com<\/td>\n<td width=\"142\">HSID<\/td>\n<td width=\"142\">Descargar ciertas herramientas de Google y guardar ciertas preferencias, por ejemplo, el n\u00famero de resultados de la b\u00fasqueda por hoja o la activaci\u00f3n del filtro SafeSearch. Ajusta los anuncios que aparecen en la b\u00fasqueda de Google.<\/td>\n<td width=\"142\">en un a\u00f1o<\/td>\n<\/tr>\n<tr>\n<td width=\"142\">google.com<\/td>\n<td width=\"142\">NID<\/td>\n<td width=\"142\">Estas cookies se utilizan para recopilar estad\u00edsticas del sitio web y rastrear las tasas de conversi\u00f3n y la personalizaci\u00f3n de anuncios de Google<\/td>\n<td width=\"142\">en 7 meses<\/td>\n<\/tr>\n<tr>\n<td width=\"142\">google.com<\/td>\n<td width=\"142\">OTZ<\/td>\n<td width=\"142\">An\u00e1lisis agregado de los visitantes del sitio<\/td>\n<td width=\"142\">en un mes<\/td>\n<\/tr>\n<tr>\n<td width=\"142\">google.com<\/td>\n<td width=\"142\">SAPISID<\/td>\n<td width=\"142\">Descargar ciertas herramientas de Google y guardar ciertas preferencias, por ejemplo, el n\u00famero de resultados de la b\u00fasqueda por hoja o la activaci\u00f3n del filtro SafeSearch. Ajusta los anuncios que aparecen en la b\u00fasqueda de Google.<\/td>\n<td width=\"142\">en un a\u00f1o<\/td>\n<\/tr>\n<tr>\n<td width=\"142\">google.com<\/td>\n<td width=\"142\">SID<\/td>\n<td width=\"142\">Descargar ciertas herramientas de Google y guardar ciertas preferencias, por ejemplo, el n\u00famero de resultados de la b\u00fasqueda por hoja o la activaci\u00f3n del filtro SafeSearch. Ajusta los anuncios que aparecen en la b\u00fasqueda de Google.<\/td>\n<td width=\"142\">en un a\u00f1o<\/td>\n<\/tr>\n<tr>\n<td width=\"142\">google.com<\/td>\n<td width=\"142\">SIDCC<\/td>\n<td width=\"142\">Descargar ciertas herramientas de Google y guardar ciertas preferencias, por ejemplo, el n\u00famero de resultados de la b\u00fasqueda por hoja o la activaci\u00f3n del filtro SafeSearch. Ajusta los anuncios que aparecen en la b\u00fasqueda de Google.<\/td>\n<td width=\"142\">en un a\u00f1o<\/td>\n<\/tr>\n<tr>\n<td width=\"142\">google.com<\/td>\n<td width=\"142\">SSID<\/td>\n<td width=\"142\">Descarga ciertas herramientas de Google y guarda ciertas preferencias, por ejemplo, el n\u00famero de resultados de b\u00fasqueda por p\u00e1gina o la activaci\u00f3n del filtro SafeSearch. Ajusta los anuncios que aparecen en la B\u00fasqueda de Google.<\/td>\n<td width=\"142\">en un a\u00f1o<\/td>\n<\/tr>\n<\/tbody>\n<\/table>\n<p>[\/vc_column_text][vc_column_text]<\/p>\n<div class=\"page\" title=\"Page 4\">\n<div class=\"layoutArea\">\n<div class=\"column\">\n<p>Para las cookies de ana\u0301lisis y de publicidad necesitamos su consentimiento que podremos obtener si pulsa en el boto\u0301n \u201cAcepto\u201d en el mensaje de informacio\u0301n que se muestra al acceder a nuestra pa\u0301gina web.<\/p>\n<p>Si desactiva las cookies, podra\u0301 seguir accediendo a la web, pero puede que la navegacio\u0301n por esta no sea o\u0301ptima y alguno de los servicios ofrecidos no funcionen correctamente.<\/p>\n<p>Si en un futuro SUMINISTROS VERASUR llegara a utilizar tipos de cookies diferentes a las contempladas en esta Poli\u0301tica de Cookies para prestar nuevos servicios o fuera necesario adaptarla a nuevas exigencias legislativas, se lo notificaremos.<\/p>\n<\/div>\n<\/div>\n<\/div>\n<p>[\/vc_column_text][vc_column_text]<\/p>\n<div class=\"page\" title=\"Page 5\">\n<div class=\"layoutArea\">\n<div class=\"column\">\n<p>Cookies de terceros:<\/p>\n<\/div>\n<\/div>\n<div class=\"layoutArea\">\n<div class=\"column\">\n<p>Los servicios de terceros son ajenos al control del editor. Los proveedores pueden modificar en todo momento sus condiciones de servicio, finalidad y utilizacio\u0301n de las cookies, etc.<\/p>\n<p>Proveedores externos de este sitio web:<\/p>\n<\/div>\n<\/div>\n<\/div>\n<p>[\/vc_column_text][vc_column_text]<\/p>\n<table>\n<tbody>\n<tr>\n<td width=\"283\">Editor<\/td>\n<td width=\"283\">Poli\u0301tica de privacidad<\/td>\n<\/tr>\n<tr>\n<td width=\"283\">Google<\/td>\n<td width=\"283\">https:\/\/privacy.google.com\/take-control.html<\/td>\n<\/tr>\n<tr>\n<td width=\"283\">Google<\/td>\n<td width=\"283\">https:\/\/safety.google\/privacy\/privacy-controls\/<\/td>\n<\/tr>\n<\/tbody>\n<\/table>\n<p>[\/vc_column_text][\/vc_column][\/vc_row][vc_row][vc_column][\/vc_column][\/vc_row]<\/p>\n<\/section>","protected":false},"excerpt":{"rendered":"<p>[vc_row row_content_width=\u00bbgrid\u00bb css=\u00bb.vc_custom_1705578540430{padding-top: 100px !important;padding-right: 0px !important;padding-bottom: 100px !important;padding-left: 0px !important;}\u00bb][vc_column css=\u00bb.vc_custom_1517908805816{padding-right: 0px !important;padding-left: 0px !important;}\u00bb][vc_column_text] En www.verasur.es utilizamos las cookies u otros archivos de funcionalidad similar (en adelante, \u201ccookies\u201d) para saber co\u0301mo utilizas nuestros servicios y poder mejorarlos. SUMINISTROS [&hellip;]<\/p>\n","protected":false},"author":3,"featured_media":0,"parent":0,"menu_order":0,"comment_status":"closed","ping_status":"closed","template":"full-width.php","meta":{"_themeisle_gutenberg_block_has_review":false},"_links":{"self":[{"href":"https:\/\/verasur.es\/index.php?rest_route=\/wp\/v2\/pages\/6451"}],"collection":[{"href":"https:\/\/verasur.es\/index.php?rest_route=\/wp\/v2\/pages"}],"about":[{"href":"https:\/\/verasur.es\/index.php?rest_route=\/wp\/v2\/types\/page"}],"author":[{"embeddable":true,"href":"https:\/\/verasur.es\/index.php?rest_route=\/wp\/v2\/users\/3"}],"replies":[{"embeddable":true,"href":"https:\/\/verasur.es\/index.php?rest_route=%2Fwp%2Fv2%2Fcomments&post=6451"}],"version-history":[{"count":3,"href":"https:\/\/verasur.es\/index.php?rest_route=\/wp\/v2\/pages\/6451\/revisions"}],"predecessor-version":[{"id":6456,"href":"https:\/\/verasur.es\/index.php?rest_route=\/wp\/v2\/pages\/6451\/revisions\/6456"}],"wp:attachment":[{"href":"https:\/\/verasur.es\/index.php?rest_route=%2Fwp%2Fv2%2Fmedia&parent=6451"}],"curies":[{"name":"wp","href":"https:\/\/api.w.org\/{rel}","templated":true}]}}